{"id":13609,"date":"2016-05-10T09:27:01","date_gmt":"2023-11-21T15:49:56","guid":{"rendered":"https:\/\/jafep.com\/?post_type=product&#038;p=13609"},"modified":"2023-11-21T15:56:09","modified_gmt":"2023-11-21T15:56:09","slug":"bases-para-esmalte-acrilico-bs-bases-pal-tdl","status":"publish","type":"product","link":"https:\/\/jafep.com\/pt-pt\/producto\/bases-para-esmalte-acrilico-bs-bases-pal-tdl\/","title":{"rendered":"Bases para Esmalte Acr\u00edlico BS (Bases PAL, TDL)"},"content":{"rendered":"<p>Esmalte acr\u00edlico \u00e0 base de solventes, pigmentado brilhante, com \u00f3tima ader\u00eancia em todos os tipos de metais e excelente em ferro galvanizado monomanual. Tem boa resist\u00eancia \u00e0 luz, intemp\u00e9ries e corros\u00e3o. Alta dureza e boa flexibilidade. <\/p>\n","protected":false},"excerpt":{"rendered":"<p>Esmalte acr\u00edlico \u00e0 base de solvente. <\/p>\n","protected":false},"featured_media":83723,"comment_status":"closed","ping_status":"closed","template":"","meta":{"_acf_changed":false,"_links_to":"","_links_to_target":""},"product_brand":[],"product_cat":[1527,1521,786,549,1398],"product_tag":[],"class_list":{"0":"post-13609","1":"product","2":"type-product","3":"status-publish","4":"has-post-thumbnail","6":"product_cat-galvanizado-pt-pt","7":"product_cat-metal-pt-pt","8":"product_cat-pintar-cambiar-el-color-pt-pt","9":"product_cat-sistema-tintometrico-industrial-dual","10":"product_cat-sistemas-tintometricos-pt-pt-2","11":"pa_formatos-4l-pt-pt","12":"pa_formatos-750ml-pt-pt","13":"pa_herramientas-airless-pt-pt","14":"pa_herramientas-pistola-pt-pt","15":"pa_iconos-2-base-solvente-pt-pt","16":"pa_iconos-45-exterior-interior-pt-pt","17":"pa_iconos-brillante-satinado-pt-pt","18":"pa_iconos-rendimiento-8-12-m2l-pt-pt","20":"first","21":"instock","22":"shipping-taxable","23":"product-type-simple"},"acf":[],"_links":{"self":[{"href":"https:\/\/jafep.com\/pt-pt\/wp-json\/wp\/v2\/product\/13609","targetHints":{"allow":["GET"]}}],"collection":[{"href":"https:\/\/jafep.com\/pt-pt\/wp-json\/wp\/v2\/product"}],"about":[{"href":"https:\/\/jafep.com\/pt-pt\/wp-json\/wp\/v2\/types\/product"}],"replies":[{"embeddable":true,"href":"https:\/\/jafep.com\/pt-pt\/wp-json\/wp\/v2\/comments?post=13609"}],"wp:featuredmedia":[{"embeddable":true,"href":"https:\/\/jafep.com\/pt-pt\/wp-json\/wp\/v2\/media\/83723"}],"wp:attachment":[{"href":"https:\/\/jafep.com\/pt-pt\/wp-json\/wp\/v2\/media?parent=13609"}],"wp:term":[{"taxonomy":"product_brand","embeddable":true,"href":"https:\/\/jafep.com\/pt-pt\/wp-json\/wp\/v2\/product_brand?post=13609"},{"taxonomy":"product_cat","embeddable":true,"href":"https:\/\/jafep.com\/pt-pt\/wp-json\/wp\/v2\/product_cat?post=13609"},{"taxonomy":"product_tag","embeddable":true,"href":"https:\/\/jafep.com\/pt-pt\/wp-json\/wp\/v2\/product_tag?post=13609"}],"curies":[{"name":"wp","href":"https:\/\/api.w.org\/{rel}","templated":true}]}}