{"id":13607,"date":"2016-05-09T10:52:33","date_gmt":"2023-11-21T15:33:15","guid":{"rendered":"https:\/\/jafep.com\/?post_type=product&#038;p=13607"},"modified":"2023-11-21T15:33:15","modified_gmt":"2023-11-21T15:33:15","slug":"bases-para-esmalte-sintetico-brilhante-acetinado-mate-bases-pd-tr","status":"publish","type":"product","link":"https:\/\/jafep.com\/pt-pt\/producto\/bases-para-esmalte-sintetico-brilhante-acetinado-mate-bases-pd-tr\/","title":{"rendered":"Bases para Esmalte Sint\u00e9tico Brilhante, Acetinado, Mate (Bases P,D, TR)"},"content":{"rendered":"<p>\u00c9 um esmalte sint\u00e9tico de alto brilho e grande poder de cobertura, formulado com resinas alqu\u00eddicas especiais e pigmentos de comprovada resist\u00eancia e estabilidade \u00e0 luz, que proporcionam acabamentos de primeira qualidade.<\/p>\n<p>\u00c9 um produto com a t\u00e9cnica &#8220;altos s\u00f3lidos&#8221;, pelo que se recomenda a aplica\u00e7\u00e3o de camadas finas e respeitar os tempos de secagem e repintura de forma a obter os melhores e m\u00e1ximos benef\u00edcios. <\/p>\n","protected":false},"excerpt":{"rendered":"<p>\u00c9 um esmalte sint\u00e9tico de alto brilho e grande poder de cobertura, formulado com resinas alqu\u00eddicas especiais e pigmentos de comprovada resist\u00eancia e estabilidade \u00e0 luz, que proporcionam acabamentos de primeira qualidade. \u00c9 um produto com a t\u00e9cnica &#8220;altos s\u00f3lidos&#8221;, pelo que se recomenda a aplica\u00e7\u00e3o de camadas finas e respeitar os tempos de secagem&#8230;<\/p>\n","protected":false},"featured_media":83642,"comment_status":"closed","ping_status":"closed","template":"","meta":{"_acf_changed":false,"_links_to":"","_links_to_target":""},"product_brand":[],"product_cat":[552,1398],"product_tag":[],"class_list":{"0":"post-13607","1":"product","2":"type-product","3":"status-publish","4":"has-post-thumbnail","6":"product_cat-sistema-tintometrico-multicolor","7":"product_cat-sistemas-tintometricos-pt-pt-2","9":"first","10":"instock","11":"shipping-taxable","12":"product-type-simple"},"acf":[],"_links":{"self":[{"href":"https:\/\/jafep.com\/pt-pt\/wp-json\/wp\/v2\/product\/13607","targetHints":{"allow":["GET"]}}],"collection":[{"href":"https:\/\/jafep.com\/pt-pt\/wp-json\/wp\/v2\/product"}],"about":[{"href":"https:\/\/jafep.com\/pt-pt\/wp-json\/wp\/v2\/types\/product"}],"replies":[{"embeddable":true,"href":"https:\/\/jafep.com\/pt-pt\/wp-json\/wp\/v2\/comments?post=13607"}],"wp:featuredmedia":[{"embeddable":true,"href":"https:\/\/jafep.com\/pt-pt\/wp-json\/wp\/v2\/media\/83642"}],"wp:attachment":[{"href":"https:\/\/jafep.com\/pt-pt\/wp-json\/wp\/v2\/media?parent=13607"}],"wp:term":[{"taxonomy":"product_brand","embeddable":true,"href":"https:\/\/jafep.com\/pt-pt\/wp-json\/wp\/v2\/product_brand?post=13607"},{"taxonomy":"product_cat","embeddable":true,"href":"https:\/\/jafep.com\/pt-pt\/wp-json\/wp\/v2\/product_cat?post=13607"},{"taxonomy":"product_tag","embeddable":true,"href":"https:\/\/jafep.com\/pt-pt\/wp-json\/wp\/v2\/product_tag?post=13607"}],"curies":[{"name":"wp","href":"https:\/\/api.w.org\/{rel}","templated":true}]}}