{"id":13604,"date":"2023-11-21T14:45:13","date_gmt":"2023-11-21T14:45:13","guid":{"rendered":"https:\/\/jafep.com\/?post_type=product&#038;p=13604"},"modified":"2025-04-02T14:41:05","modified_gmt":"2025-04-02T14:41:05","slug":"base-para-esmalte-sintetico-antioxidante-liso-brilhante-ox-bases-pdtr","status":"publish","type":"product","link":"https:\/\/jafep.com\/pt-pt\/producto\/base-para-esmalte-sintetico-antioxidante-liso-brilhante-ox-bases-pdtr\/","title":{"rendered":"Base para Esmalte Sint\u00e9tico Antioxidante Liso Brilhante OX (Bases P,D,TR)"},"content":{"rendered":"<p>Esmalte sint\u00e9tico formulado com resinas alqu\u00eddicas especiais, pigmentos e aditivos anticorrosivos de comprovada resist\u00eancia e estabilidade. Sua apar\u00eancia cremosa e estrutura altamente tixotr\u00f3pica proporcionam altos n\u00edveis de acabamento em ferro sem a necessidade de primer. Tamb\u00e9m pode ser usado como qualquer esmalte sint\u00e9tico em madeira e outros materiais de constru\u00e7\u00e3o. <\/p>\n","protected":false},"excerpt":{"rendered":"<p>Esmalte sint\u00e9tico anticorrosivo. <\/p>\n","protected":false},"featured_media":0,"comment_status":"closed","ping_status":"closed","template":"","meta":{"_acf_changed":false,"_links_to":"","_links_to_target":""},"product_brand":[],"product_cat":[552,1398],"product_tag":[],"class_list":{"0":"post-13604","1":"product","2":"type-product","3":"status-publish","5":"product_cat-sistema-tintometrico-multicolor","6":"product_cat-sistemas-tintometricos-pt-pt-2","8":"first","9":"instock","10":"shipping-taxable","11":"product-type-simple"},"acf":[],"_links":{"self":[{"href":"https:\/\/jafep.com\/pt-pt\/wp-json\/wp\/v2\/product\/13604","targetHints":{"allow":["GET"]}}],"collection":[{"href":"https:\/\/jafep.com\/pt-pt\/wp-json\/wp\/v2\/product"}],"about":[{"href":"https:\/\/jafep.com\/pt-pt\/wp-json\/wp\/v2\/types\/product"}],"replies":[{"embeddable":true,"href":"https:\/\/jafep.com\/pt-pt\/wp-json\/wp\/v2\/comments?post=13604"}],"wp:attachment":[{"href":"https:\/\/jafep.com\/pt-pt\/wp-json\/wp\/v2\/media?parent=13604"}],"wp:term":[{"taxonomy":"product_brand","embeddable":true,"href":"https:\/\/jafep.com\/pt-pt\/wp-json\/wp\/v2\/product_brand?post=13604"},{"taxonomy":"product_cat","embeddable":true,"href":"https:\/\/jafep.com\/pt-pt\/wp-json\/wp\/v2\/product_cat?post=13604"},{"taxonomy":"product_tag","embeddable":true,"href":"https:\/\/jafep.com\/pt-pt\/wp-json\/wp\/v2\/product_tag?post=13604"}],"curies":[{"name":"wp","href":"https:\/\/api.w.org\/{rel}","templated":true}]}}