{"id":13601,"date":"2023-11-21T12:22:19","date_gmt":"2023-11-21T12:22:19","guid":{"rendered":"https:\/\/jafep.com\/?post_type=product&#038;p=13601"},"modified":"2025-04-02T14:40:56","modified_gmt":"2025-04-02T14:40:56","slug":"bases-para-tinta-plastica-acetinada-base-p-d-tr","status":"publish","type":"product","link":"https:\/\/jafep.com\/pt-pt\/producto\/bases-para-tinta-plastica-acetinada-base-p-d-tr\/","title":{"rendered":"Bases para Tinta Pl\u00e1stica Acetinada (Base P-D-TR)"},"content":{"rendered":"<p>Tinta pl\u00e1stica vin\u00edlica de excelente qualidade, especialmente desenhada em tr\u00eas bases: P, D, TR para\u00a0obter acabamentos em diferentes tonalidades para todos os tipos de trabalhos de decora\u00e7\u00e3o e restauro e\u00a0manuten\u00e7\u00e3o. <\/p>\n","protected":false},"excerpt":{"rendered":"<p>Tinta pl\u00e1stica vin\u00edlica de excelente qualidade, especialmente desenhada em tr\u00eas bases: P, D, TR para\u00a0obter acabamentos em diferentes tonalidades para todos os tipos de trabalhos de decora\u00e7\u00e3o e restauro e\u00a0manuten\u00e7\u00e3o.<\/p>\n","protected":false},"featured_media":0,"comment_status":"closed","ping_status":"closed","template":"","meta":{"_acf_changed":false,"_links_to":"","_links_to_target":""},"product_brand":[],"product_cat":[552,1398],"product_tag":[],"class_list":{"0":"post-13601","1":"product","2":"type-product","3":"status-publish","5":"product_cat-sistema-tintometrico-multicolor","6":"product_cat-sistemas-tintometricos-pt-pt-2","8":"first","9":"instock","10":"shipping-taxable","11":"product-type-simple"},"acf":[],"_links":{"self":[{"href":"https:\/\/jafep.com\/pt-pt\/wp-json\/wp\/v2\/product\/13601","targetHints":{"allow":["GET"]}}],"collection":[{"href":"https:\/\/jafep.com\/pt-pt\/wp-json\/wp\/v2\/product"}],"about":[{"href":"https:\/\/jafep.com\/pt-pt\/wp-json\/wp\/v2\/types\/product"}],"replies":[{"embeddable":true,"href":"https:\/\/jafep.com\/pt-pt\/wp-json\/wp\/v2\/comments?post=13601"}],"wp:attachment":[{"href":"https:\/\/jafep.com\/pt-pt\/wp-json\/wp\/v2\/media?parent=13601"}],"wp:term":[{"taxonomy":"product_brand","embeddable":true,"href":"https:\/\/jafep.com\/pt-pt\/wp-json\/wp\/v2\/product_brand?post=13601"},{"taxonomy":"product_cat","embeddable":true,"href":"https:\/\/jafep.com\/pt-pt\/wp-json\/wp\/v2\/product_cat?post=13601"},{"taxonomy":"product_tag","embeddable":true,"href":"https:\/\/jafep.com\/pt-pt\/wp-json\/wp\/v2\/product_tag?post=13601"}],"curies":[{"name":"wp","href":"https:\/\/api.w.org\/{rel}","templated":true}]}}