{"id":13600,"date":"2016-05-10T07:11:18","date_gmt":"2016-05-10T07:11:18","guid":{"rendered":"https:\/\/jafep.com\/?post_type=product&#038;p=13600"},"modified":"2025-03-31T13:59:57","modified_gmt":"2025-03-31T13:59:57","slug":"bases-p-d-tr-aural-fachadas-grafeno","status":"publish","type":"product","link":"https:\/\/jafep.com\/pt-pt\/producto\/bases-p-d-tr-aural-fachadas-grafeno\/","title":{"rendered":"Base Aural Fachadas Grafeno (Bases P, D, TR )"},"content":{"rendered":"<p class=\"MsoBodyText\" style=\"margin-left: 6.8pt;line-height: 10.9pt\"><span lang=\"PT\">Revestimento de alta qualidade, feito com resinas de emuls\u00e3o acr\u00edlica e fibras de grafeno que conferem \u00e0 tinta propriedades inovadoras: produto semi-el\u00e1stico, alta resist\u00eancia aos raios ultravioletas e boa dureza. Gra\u00e7as ao grafeno, o produto tem uma maior durabilidade, uma vez que estas fibras refor\u00e7am o suporte estrutural. Produto ideal para acabamentos exteriores com uma brancura, cobertura e desempenho excecionais. N\u00e3o amarela, excelente resist\u00eancia ao caleamento e baixo odor. Impermeabiliza as fachadas, mantendo a sua respirabilidade.<\/span><\/p>\n<p class=\"MsoBodyText\" style=\"text-indent: 6.8pt;line-height: 10.9pt\"><span lang=\"PT\">A sua formula\u00e7\u00e3o cont\u00e9m aditivos conservantes para proteger a pel\u00edcula<\/span><\/p>\n","protected":false},"excerpt":{"rendered":"<p>Revestimento acr\u00edlico puro 100% <\/p>\n","protected":false},"featured_media":83735,"comment_status":"closed","ping_status":"closed","template":"","meta":{"_acf_changed":false,"_links_to":"","_links_to_target":""},"product_brand":[],"product_cat":[1327,552,1065,1066,1398,1024],"product_tag":[],"class_list":{"0":"post-13600","1":"product","2":"type-product","3":"status-publish","4":"has-post-thumbnail","6":"product_cat-aural-hogar-pt-pt","7":"product_cat-sistema-tintometrico-multicolor","8":"product_cat-exteriores-pt-pt","9":"product_cat-fachadas-pt-pt","10":"product_cat-sistemas-tintometricos-pt-pt-2","11":"product_cat-pinturas-plasticas-pt-pt","12":"pa_formatos-15-l-pt-pt","13":"pa_formatos-4-l-pt-pt","14":"pa_herramientas-airless-pt-pt","15":"pa_herramientas-brocha-pt-pt","16":"pa_herramientas-pistola-pt-pt","17":"pa_herramientas-rodillo-pt-pt","18":"pa_iconos-51-mate-60o-pt-pt","19":"pa_iconos-60-lavabilidad-nivel-1-pt-pt","20":"pa_iconos-base-agua-pt-pt","21":"pa_iconos-conservante-antimoho-sitema-atmh-pt-pt","22":"pa_iconos-exterior-pt-pt","23":"pa_iconos-rendimiento-9-13-m2-l-pt-pt","25":"first","26":"instock","27":"shipping-taxable","28":"product-type-simple"},"acf":[],"_links":{"self":[{"href":"https:\/\/jafep.com\/pt-pt\/wp-json\/wp\/v2\/product\/13600","targetHints":{"allow":["GET"]}}],"collection":[{"href":"https:\/\/jafep.com\/pt-pt\/wp-json\/wp\/v2\/product"}],"about":[{"href":"https:\/\/jafep.com\/pt-pt\/wp-json\/wp\/v2\/types\/product"}],"replies":[{"embeddable":true,"href":"https:\/\/jafep.com\/pt-pt\/wp-json\/wp\/v2\/comments?post=13600"}],"wp:featuredmedia":[{"embeddable":true,"href":"https:\/\/jafep.com\/pt-pt\/wp-json\/wp\/v2\/media\/83735"}],"wp:attachment":[{"href":"https:\/\/jafep.com\/pt-pt\/wp-json\/wp\/v2\/media?parent=13600"}],"wp:term":[{"taxonomy":"product_brand","embeddable":true,"href":"https:\/\/jafep.com\/pt-pt\/wp-json\/wp\/v2\/product_brand?post=13600"},{"taxonomy":"product_cat","embeddable":true,"href":"https:\/\/jafep.com\/pt-pt\/wp-json\/wp\/v2\/product_cat?post=13600"},{"taxonomy":"product_tag","embeddable":true,"href":"https:\/\/jafep.com\/pt-pt\/wp-json\/wp\/v2\/product_tag?post=13600"}],"curies":[{"name":"wp","href":"https:\/\/api.w.org\/{rel}","templated":true}]}}