{"id":13599,"date":"2016-05-10T07:22:57","date_gmt":"2023-11-21T11:49:39","guid":{"rendered":"https:\/\/jafep.com\/?post_type=product&#038;p=13599"},"modified":"2025-03-31T13:59:56","modified_gmt":"2025-03-31T13:59:56","slug":"multirev-fachadas-revestimento-liso-bases-p-d-tr","status":"publish","type":"product","link":"https:\/\/jafep.com\/pt-pt\/producto\/multirev-fachadas-revestimento-liso-bases-p-d-tr\/","title":{"rendered":"Multirev 500 Fachadas Revestimento Liso (Bases P, D, TR)"},"content":{"rendered":"<p>Revestimento acr\u00edlico pedra para exteriores. Imperme\u00e1vel e lav\u00e1vel. Alta resist\u00eancia a intemp\u00e9ries, n\u00e9voa salina e abras\u00e3o. Boa cobertura e desempenho. Impermeabiliza a fachada mantendo a sua respirabilidade. Projetado em tr\u00eas bases (P, D e TR) para obter acabamentos em diferentes tonalidades de cores em combina\u00e7\u00e3o com os corantes exteriores do nosso sistema tintom\u00e9trico decorativo. <\/p>\n","protected":false},"excerpt":{"rendered":"<p>Revestimento de pedra para exteriores. <\/p>\n","protected":false},"featured_media":83703,"comment_status":"closed","ping_status":"closed","template":"","meta":{"_acf_changed":false,"_links_to":"","_links_to_target":""},"product_brand":[],"product_cat":[552,1065,1066,1398],"product_tag":[],"class_list":{"0":"post-13599","1":"product","2":"type-product","3":"status-publish","4":"has-post-thumbnail","6":"product_cat-sistema-tintometrico-multicolor","7":"product_cat-exteriores-pt-pt","8":"product_cat-fachadas-pt-pt","9":"product_cat-sistemas-tintometricos-pt-pt-2","10":"pa_herramientas-airless-pt-pt","11":"pa_herramientas-brocha-pt-pt","12":"pa_herramientas-pistola-pt-pt","13":"pa_herramientas-rodillo-pt-pt","14":"pa_iconos-30-rendimiento-12-14-m2-pt-pt","15":"pa_iconos-41-brocha-rodillo-pistola-pt-pt","16":"pa_iconos-base-agua-pt-pt","18":"first","19":"instock","20":"shipping-taxable","21":"product-type-simple"},"acf":[],"_links":{"self":[{"href":"https:\/\/jafep.com\/pt-pt\/wp-json\/wp\/v2\/product\/13599","targetHints":{"allow":["GET"]}}],"collection":[{"href":"https:\/\/jafep.com\/pt-pt\/wp-json\/wp\/v2\/product"}],"about":[{"href":"https:\/\/jafep.com\/pt-pt\/wp-json\/wp\/v2\/types\/product"}],"replies":[{"embeddable":true,"href":"https:\/\/jafep.com\/pt-pt\/wp-json\/wp\/v2\/comments?post=13599"}],"wp:featuredmedia":[{"embeddable":true,"href":"https:\/\/jafep.com\/pt-pt\/wp-json\/wp\/v2\/media\/83703"}],"wp:attachment":[{"href":"https:\/\/jafep.com\/pt-pt\/wp-json\/wp\/v2\/media?parent=13599"}],"wp:term":[{"taxonomy":"product_brand","embeddable":true,"href":"https:\/\/jafep.com\/pt-pt\/wp-json\/wp\/v2\/product_brand?post=13599"},{"taxonomy":"product_cat","embeddable":true,"href":"https:\/\/jafep.com\/pt-pt\/wp-json\/wp\/v2\/product_cat?post=13599"},{"taxonomy":"product_tag","embeddable":true,"href":"https:\/\/jafep.com\/pt-pt\/wp-json\/wp\/v2\/product_tag?post=13599"}],"curies":[{"name":"wp","href":"https:\/\/api.w.org\/{rel}","templated":true}]}}