{"id":13591,"date":"2016-05-10T07:49:04","date_gmt":"2023-11-21T10:35:46","guid":{"rendered":"https:\/\/jafep.com\/?post_type=product&#038;p=13591"},"modified":"2023-11-21T10:35:46","modified_gmt":"2023-11-21T10:35:46","slug":"base-esmalte-metalico-antioxidante-ox-efeito-forja","status":"publish","type":"product","link":"https:\/\/jafep.com\/pt-pt\/producto\/base-esmalte-metalico-antioxidante-ox-efeito-forja\/","title":{"rendered":"Base Esmalte Met\u00e1lico Antioxidante Ox &#8220;Efeito Forja&#8221;"},"content":{"rendered":"<p>Esmalte alqu\u00eddico, pigmentado com oxido de ferro micaceo de diferentes granulom\u00e9tricas e aditivos anticorrosivos que proporcionam um acabado protetor ao mesmo tempo em que decorativo a qualquer superf\u00edcie de ferro. <\/p>\n","protected":false},"excerpt":{"rendered":"<p>Esmalte alqu\u00eddico, pigmentado com oxido de ferro micaceo de diferentes granulom\u00e9tricas e aditivos anticorrosivos que proporcionam um acabado protetor ao mesmo tempo em que decorativo a qualquer superf\u00edcie de ferro.<\/p>\n","protected":false},"featured_media":83642,"comment_status":"closed","ping_status":"closed","template":"","meta":{"_acf_changed":false,"_links_to":"","_links_to_target":""},"product_brand":[],"product_cat":[442,552,1310,1398],"product_tag":[],"class_list":{"0":"post-13591","1":"product","2":"type-product","3":"status-publish","4":"has-post-thumbnail","6":"product_cat-acabamentos-antioxidantes","7":"product_cat-sistema-tintometrico-multicolor","8":"product_cat-esmaltes-primarios-e-selantes","9":"product_cat-sistemas-tintometricos-pt-pt-2","10":"pa_herramientas-airless-pt-pt","11":"pa_herramientas-brocha-pt-pt","12":"pa_herramientas-pistola-pt-pt","13":"pa_herramientas-rodillo-pt-pt","14":"pa_iconos-2-base-solvente-pt-pt","15":"pa_iconos-45-exterior-interior-pt-pt","16":"pa_iconos-rendimiento-de-8-12-m2l-pt-pt","18":"first","19":"instock","20":"shipping-taxable","21":"product-type-simple"},"acf":[],"_links":{"self":[{"href":"https:\/\/jafep.com\/pt-pt\/wp-json\/wp\/v2\/product\/13591","targetHints":{"allow":["GET"]}}],"collection":[{"href":"https:\/\/jafep.com\/pt-pt\/wp-json\/wp\/v2\/product"}],"about":[{"href":"https:\/\/jafep.com\/pt-pt\/wp-json\/wp\/v2\/types\/product"}],"replies":[{"embeddable":true,"href":"https:\/\/jafep.com\/pt-pt\/wp-json\/wp\/v2\/comments?post=13591"}],"wp:featuredmedia":[{"embeddable":true,"href":"https:\/\/jafep.com\/pt-pt\/wp-json\/wp\/v2\/media\/83642"}],"wp:attachment":[{"href":"https:\/\/jafep.com\/pt-pt\/wp-json\/wp\/v2\/media?parent=13591"}],"wp:term":[{"taxonomy":"product_brand","embeddable":true,"href":"https:\/\/jafep.com\/pt-pt\/wp-json\/wp\/v2\/product_brand?post=13591"},{"taxonomy":"product_cat","embeddable":true,"href":"https:\/\/jafep.com\/pt-pt\/wp-json\/wp\/v2\/product_cat?post=13591"},{"taxonomy":"product_tag","embeddable":true,"href":"https:\/\/jafep.com\/pt-pt\/wp-json\/wp\/v2\/product_tag?post=13591"}],"curies":[{"name":"wp","href":"https:\/\/api.w.org\/{rel}","templated":true}]}}