{"id":13587,"date":"2016-05-10T08:10:45","date_gmt":"2023-11-21T09:42:33","guid":{"rendered":"https:\/\/jafep.com\/?post_type=product&#038;p=13587"},"modified":"2023-11-21T09:42:33","modified_gmt":"2023-11-21T09:42:33","slug":"bases-para-tinta-aquosa-mate-easyclean-p-d-tr","status":"publish","type":"product","link":"https:\/\/jafep.com\/pt-pt\/producto\/bases-para-tinta-aquosa-mate-easyclean-p-d-tr\/","title":{"rendered":"Bases para Tinta Aquosa Mate Easyclean P-D-TR"},"content":{"rendered":"<p>Tinta pl\u00e1stica de alta qualidade, fabricada com resinas de emuls\u00e3o acr\u00edlica. Com um excepcional\u00a0brancura, cobertura e desempenho. Para acabamentos perfeitos tanto no exterior como no interior.<\/p>\n<p>A sua caracter\u00edstica mais not\u00e1vel \u00e9 a m\u00ednima absor\u00e7\u00e3o, que combina a sua magn\u00edfica lavabilidade, a\u00a0F\u00e1cil de limpar manchas dif\u00edceis (vinho, caf\u00e9, etc.) com um pano \u00famido em apenas algumas passagens.<\/p>\n<p>Easyclean cumpre todos os crit\u00e9rios ecol\u00f3gicos para tintas de interior, por isso obteve\u00a0o R\u00f3tulo Ecol\u00f3gico Comunit\u00e1rio. <\/p>\n","protected":false},"excerpt":{"rendered":"<p>Tinta pl\u00e1stica de alta qualidade, fabricada com resinas de emuls\u00e3o acr\u00edlica. Com um excepcional\u00a0brancura, cobertura e desempenho. Para acabamentos perfeitos tanto no exterior como no interior. A sua caracter\u00edstica mais not\u00e1vel \u00e9 a m\u00ednima absor\u00e7\u00e3o, que combina a sua magn\u00edfica lavabilidade, a\u00a0F\u00e1cil de limpar manchas dif\u00edceis (vinho, caf\u00e9, etc.) com um pano \u00famido em apenas&#8230;<\/p>\n","protected":false},"featured_media":82841,"comment_status":"closed","ping_status":"closed","template":"","meta":{"_acf_changed":false,"_links_to":"","_links_to_target":""},"product_brand":[],"product_cat":[552,1398],"product_tag":[],"class_list":{"0":"post-13587","1":"product","2":"type-product","3":"status-publish","4":"has-post-thumbnail","6":"product_cat-sistema-tintometrico-multicolor","7":"product_cat-sistemas-tintometricos-pt-pt-2","8":"pa_formatos-15l-pt-pt","9":"pa_formatos-4l-pt-pt","10":"pa_formatos-750ml-pt-pt","11":"pa_herramientas-airless-pt-pt","12":"pa_herramientas-brocha-pt-pt","13":"pa_herramientas-pistola-pt-pt","14":"pa_herramientas-rodillo-pt-pt","15":"pa_iconos-45-exterior-interior-pt-pt","16":"pa_iconos-51-mate-60o-pt-pt","17":"pa_iconos-60-lavabilidad-nivel-1-pt-pt","18":"pa_iconos-base-agua-pt-pt","19":"pa_iconos-mate-pt-pt","20":"pa_iconos-rendimiento-10-14-m2-l-pt-pt","22":"first","23":"instock","24":"shipping-taxable","25":"product-type-simple"},"acf":[],"_links":{"self":[{"href":"https:\/\/jafep.com\/pt-pt\/wp-json\/wp\/v2\/product\/13587","targetHints":{"allow":["GET"]}}],"collection":[{"href":"https:\/\/jafep.com\/pt-pt\/wp-json\/wp\/v2\/product"}],"about":[{"href":"https:\/\/jafep.com\/pt-pt\/wp-json\/wp\/v2\/types\/product"}],"replies":[{"embeddable":true,"href":"https:\/\/jafep.com\/pt-pt\/wp-json\/wp\/v2\/comments?post=13587"}],"wp:featuredmedia":[{"embeddable":true,"href":"https:\/\/jafep.com\/pt-pt\/wp-json\/wp\/v2\/media\/82841"}],"wp:attachment":[{"href":"https:\/\/jafep.com\/pt-pt\/wp-json\/wp\/v2\/media?parent=13587"}],"wp:term":[{"taxonomy":"product_brand","embeddable":true,"href":"https:\/\/jafep.com\/pt-pt\/wp-json\/wp\/v2\/product_brand?post=13587"},{"taxonomy":"product_cat","embeddable":true,"href":"https:\/\/jafep.com\/pt-pt\/wp-json\/wp\/v2\/product_cat?post=13587"},{"taxonomy":"product_tag","embeddable":true,"href":"https:\/\/jafep.com\/pt-pt\/wp-json\/wp\/v2\/product_tag?post=13587"}],"curies":[{"name":"wp","href":"https:\/\/api.w.org\/{rel}","templated":true}]}}