{"id":13586,"date":"2016-05-09T11:42:20","date_gmt":"2023-11-21T08:44:30","guid":{"rendered":"https:\/\/jafep.com\/?post_type=product&#038;p=13586"},"modified":"2023-11-21T08:44:30","modified_gmt":"2023-11-21T08:44:30","slug":"tinta-aquosa-mate-interior-exterior-multicolor-900-bases-p-d-tr","status":"publish","type":"product","link":"https:\/\/jafep.com\/pt-pt\/producto\/tinta-aquosa-mate-interior-exterior-multicolor-900-bases-p-d-tr\/","title":{"rendered":"Tinta Aquosa Mate Interior Exterior Multicolor 900 Bases  P- D- TR"},"content":{"rendered":"<p>Tinta aquosa mate de excelente qualidade, especialmente desenhada em tr\u00eas bases: P, D, TR para obter acabamentos em diferentes tonalidades para todos os tipos de trabalhos de decora\u00e7\u00e3o, restauro e manuten\u00e7\u00e3o. <\/p>\n","protected":false},"excerpt":{"rendered":"<p>Tinta aquosa mate de excelente qualidade, especialmente desenhada em tr\u00eas bases: P, D, TR para obter acabamentos em diferentes tonalidades para todos os tipos de trabalhos de decora\u00e7\u00e3o, restauro e manuten\u00e7\u00e3o.<\/p>\n","protected":false},"featured_media":82826,"comment_status":"closed","ping_status":"closed","template":"","meta":{"_acf_changed":false,"_links_to":"","_links_to_target":""},"product_brand":[],"product_cat":[552,1398],"product_tag":[],"class_list":{"0":"post-13586","1":"product","2":"type-product","3":"status-publish","4":"has-post-thumbnail","6":"product_cat-sistema-tintometrico-multicolor","7":"product_cat-sistemas-tintometricos-pt-pt-2","8":"pa_formatos-15l-pt-pt","9":"pa_formatos-4l-pt-pt","10":"pa_formatos-750ml-pt-pt","11":"pa_herramientas-airless-pt-pt","12":"pa_herramientas-brocha-pt-pt","13":"pa_herramientas-pistola-pt-pt","14":"pa_herramientas-rodillo-pt-pt","15":"pa_iconos-41-brocha-rodillo-pistola-pt-pt","16":"pa_iconos-45-exterior-interior-pt-pt","17":"pa_iconos-51-mate-60o-pt-pt","18":"pa_iconos-60-lavabilidad-nivel-1-pt-pt","19":"pa_iconos-a-mas-pt-pt","20":"pa_iconos-base-agua-pt-pt","21":"pa_iconos-conservante-antimoho-sitema-atmh-pt-pt","22":"pa_iconos-mate-pt-pt","23":"pa_iconos-mate3-pt-pt","24":"pa_iconos-rendimiento-10-14-m2-l-pt-pt","26":"first","27":"instock","28":"shipping-taxable","29":"product-type-simple"},"acf":[],"_links":{"self":[{"href":"https:\/\/jafep.com\/pt-pt\/wp-json\/wp\/v2\/product\/13586","targetHints":{"allow":["GET"]}}],"collection":[{"href":"https:\/\/jafep.com\/pt-pt\/wp-json\/wp\/v2\/product"}],"about":[{"href":"https:\/\/jafep.com\/pt-pt\/wp-json\/wp\/v2\/types\/product"}],"replies":[{"embeddable":true,"href":"https:\/\/jafep.com\/pt-pt\/wp-json\/wp\/v2\/comments?post=13586"}],"wp:featuredmedia":[{"embeddable":true,"href":"https:\/\/jafep.com\/pt-pt\/wp-json\/wp\/v2\/media\/82826"}],"wp:attachment":[{"href":"https:\/\/jafep.com\/pt-pt\/wp-json\/wp\/v2\/media?parent=13586"}],"wp:term":[{"taxonomy":"product_brand","embeddable":true,"href":"https:\/\/jafep.com\/pt-pt\/wp-json\/wp\/v2\/product_brand?post=13586"},{"taxonomy":"product_cat","embeddable":true,"href":"https:\/\/jafep.com\/pt-pt\/wp-json\/wp\/v2\/product_cat?post=13586"},{"taxonomy":"product_tag","embeddable":true,"href":"https:\/\/jafep.com\/pt-pt\/wp-json\/wp\/v2\/product_tag?post=13586"}],"curies":[{"name":"wp","href":"https:\/\/api.w.org\/{rel}","templated":true}]}}