{"id":13575,"date":"2020-10-09T12:20:36","date_gmt":"2023-11-20T08:40:40","guid":{"rendered":"https:\/\/jafep.com\/?post_type=product&#038;p=13575"},"modified":"2023-11-20T08:40:40","modified_gmt":"2023-11-20T08:40:40","slug":"p-p-procoplas-925-base-pdtr","status":"publish","type":"product","link":"https:\/\/jafep.com\/pt-pt\/producto\/p-p-procoplas-925-base-pdtr\/","title":{"rendered":"P.P. Procoplas 925 Base P,D,TR."},"content":{"rendered":"<p>Tinta vin\u00edlica de alta qualidade com excelente acabamento interior, com muito boa facilidade de aplica\u00e7\u00e3o, que esconde a pintura, n\u00e3o salpica nem goteja e proporciona um acabamento mate extra profundo. Rico em resinas para contribuir para a resist\u00eancia das cores aos raios ultravioleta, tanto em ambientes internos como externos. Aplic\u00e1vel no exterior como revestimento de fachadas.<\/p>\n<p>Projetado em tr\u00eas bases P, D e TR para obter acabamentos em diferentes tonalidades de cores. <\/p>\n","protected":false},"excerpt":{"rendered":"<p>Tinta vin\u00edlica de alta qualidade com excelente acabamento interior, com muito boa facilidade de aplica\u00e7\u00e3o, que esconde a pintura, n\u00e3o salpica nem goteja e proporciona um acabamento mate extra profundo. Rico em resinas para contribuir para a resist\u00eancia das cores aos raios ultravioleta, tanto em ambientes internos como externos. Aplic\u00e1vel no exterior como revestimento de&#8230;<\/p>\n","protected":false},"featured_media":82976,"comment_status":"closed","ping_status":"closed","template":"","meta":{"_acf_changed":false,"_links_to":"","_links_to_target":""},"product_brand":[],"product_cat":[552,1398],"product_tag":[],"class_list":{"0":"post-13575","1":"product","2":"type-product","3":"status-publish","4":"has-post-thumbnail","6":"product_cat-sistema-tintometrico-multicolor","7":"product_cat-sistemas-tintometricos-pt-pt-2","8":"pa_formatos-15-l-pt-pt","9":"pa_formatos-4-l-pt-pt","10":"pa_herramientas-airless-pt-pt","11":"pa_herramientas-brocha-pt-pt","12":"pa_herramientas-pistola-pt-pt","13":"pa_herramientas-rodillo-pt-pt","14":"pa_iconos-38-rendimiento-de-10-15-m2l-pt-pt","15":"pa_iconos-41-brocha-rodillo-pistola-pt-pt","16":"pa_iconos-45-exterior-interior-pt-pt","17":"pa_iconos-50-extra-mate-85o-pt-pt","18":"pa_iconos-60-lavabilidad-nivel-1-pt-pt","19":"pa_iconos-base-agua-pt-pt","20":"pa_iconos-conservante-antimoho-sitema-atmh-pt-pt","21":"pa_iconos-extra-mate-profundo-pt-pt","22":"pa_iconos-mate5-pt-pt","23":"pa_iconos-b-s1d0-pt-pt","25":"first","26":"instock","27":"shipping-taxable","28":"product-type-simple"},"acf":[],"_links":{"self":[{"href":"https:\/\/jafep.com\/pt-pt\/wp-json\/wp\/v2\/product\/13575","targetHints":{"allow":["GET"]}}],"collection":[{"href":"https:\/\/jafep.com\/pt-pt\/wp-json\/wp\/v2\/product"}],"about":[{"href":"https:\/\/jafep.com\/pt-pt\/wp-json\/wp\/v2\/types\/product"}],"replies":[{"embeddable":true,"href":"https:\/\/jafep.com\/pt-pt\/wp-json\/wp\/v2\/comments?post=13575"}],"wp:featuredmedia":[{"embeddable":true,"href":"https:\/\/jafep.com\/pt-pt\/wp-json\/wp\/v2\/media\/82976"}],"wp:attachment":[{"href":"https:\/\/jafep.com\/pt-pt\/wp-json\/wp\/v2\/media?parent=13575"}],"wp:term":[{"taxonomy":"product_brand","embeddable":true,"href":"https:\/\/jafep.com\/pt-pt\/wp-json\/wp\/v2\/product_brand?post=13575"},{"taxonomy":"product_cat","embeddable":true,"href":"https:\/\/jafep.com\/pt-pt\/wp-json\/wp\/v2\/product_cat?post=13575"},{"taxonomy":"product_tag","embeddable":true,"href":"https:\/\/jafep.com\/pt-pt\/wp-json\/wp\/v2\/product_tag?post=13575"}],"curies":[{"name":"wp","href":"https:\/\/api.w.org\/{rel}","templated":true}]}}