{"id":13574,"date":"2023-11-20T08:15:02","date_gmt":"2023-11-20T08:15:02","guid":{"rendered":"https:\/\/jafep.com\/?post_type=product&#038;p=13574"},"modified":"2025-04-02T14:42:32","modified_gmt":"2025-04-02T14:42:32","slug":"esmalte-acrilico-aquoso-com-poliuretano-acrimar-bases-p-d-tr","status":"publish","type":"product","link":"https:\/\/jafep.com\/pt-pt\/producto\/esmalte-acrilico-aquoso-com-poliuretano-acrimar-bases-p-d-tr\/","title":{"rendered":"Bases P, D, TR Esmalte Acr\u00edlico Aquoso com Poliuretano Acrimar"},"content":{"rendered":"<p>Esmalte acr\u00edlico aquoso de f\u00e1cil aplica\u00e7\u00e3o e muito bom nivelamento. Lav\u00e1vel, inodoro e n\u00e3o inflam\u00e1vel. N\u00e3o amarela. Oferece extraordin\u00e1ria dureza e resist\u00eancia ao atrito. <\/p>\n","protected":false},"excerpt":{"rendered":"<p>Esmalte acr\u00edlico \u00e0 base de \u00e1gua. <\/p>\n","protected":false},"featured_media":14006,"comment_status":"closed","ping_status":"closed","template":"","meta":{"_acf_changed":false,"_links_to":"","_links_to_target":""},"product_brand":[],"product_cat":[549,1398],"product_tag":[],"class_list":{"0":"post-13574","1":"product","2":"type-product","3":"status-publish","4":"has-post-thumbnail","6":"product_cat-sistema-tintometrico-industrial-dual","7":"product_cat-sistemas-tintometricos-pt-pt-2","9":"first","10":"instock","11":"shipping-taxable","12":"product-type-simple"},"acf":[],"_links":{"self":[{"href":"https:\/\/jafep.com\/pt-pt\/wp-json\/wp\/v2\/product\/13574","targetHints":{"allow":["GET"]}}],"collection":[{"href":"https:\/\/jafep.com\/pt-pt\/wp-json\/wp\/v2\/product"}],"about":[{"href":"https:\/\/jafep.com\/pt-pt\/wp-json\/wp\/v2\/types\/product"}],"replies":[{"embeddable":true,"href":"https:\/\/jafep.com\/pt-pt\/wp-json\/wp\/v2\/comments?post=13574"}],"wp:featuredmedia":[{"embeddable":true,"href":"https:\/\/jafep.com\/pt-pt\/wp-json\/"}],"wp:attachment":[{"href":"https:\/\/jafep.com\/pt-pt\/wp-json\/wp\/v2\/media?parent=13574"}],"wp:term":[{"taxonomy":"product_brand","embeddable":true,"href":"https:\/\/jafep.com\/pt-pt\/wp-json\/wp\/v2\/product_brand?post=13574"},{"taxonomy":"product_cat","embeddable":true,"href":"https:\/\/jafep.com\/pt-pt\/wp-json\/wp\/v2\/product_cat?post=13574"},{"taxonomy":"product_tag","embeddable":true,"href":"https:\/\/jafep.com\/pt-pt\/wp-json\/wp\/v2\/product_tag?post=13574"}],"curies":[{"name":"wp","href":"https:\/\/api.w.org\/{rel}","templated":true}]}}