{"id":13391,"date":"2021-05-03T12:21:24","date_gmt":"2023-10-10T07:41:24","guid":{"rendered":"https:\/\/jafep.com\/?post_type=product&#038;p=13391"},"modified":"2023-10-10T07:41:24","modified_gmt":"2023-10-10T07:41:24","slug":"massa-pinroda-2-em-1-renovacao-gesso","status":"publish","type":"product","link":"https:\/\/jafep.com\/pt-pt\/producto\/massa-pinroda-2-em-1-renovacao-gesso\/","title":{"rendered":"Massa Pinroda 2 em 1 Renova\u00e7\u00e3o + Gesso"},"content":{"rendered":"<p>Massa especial dois em um, reforma e acabamento no mesmo produto. Sua grande ader\u00eancia facilita a ancoragem em superf\u00edcies j\u00e1 pintadas, o que \u00e9 \u00fatil e pr\u00e1tico para a remo\u00e7\u00e3o de respingos, al\u00e9m de sua grande capacidade de enchimento. A facilidade de lixamento e a finura das massas permitem finalizar o trabalho com um \u00fanico produto. <\/p>\n","protected":false},"excerpt":{"rendered":"<p>Massa especial dois em um, reforma e acabamento no mesmo produto. Sua grande ader\u00eancia facilita a ancoragem em superf\u00edcies j\u00e1 pintadas, o que \u00e9 \u00fatil e pr\u00e1tico para a remo\u00e7\u00e3o de respingos, al\u00e9m de sua grande capacidade de enchimento. A facilidade de lixamento e a finura das massas permitem finalizar o trabalho com um \u00fanico&#8230;<\/p>\n","protected":false},"featured_media":83006,"comment_status":"closed","ping_status":"closed","template":"","meta":{"_acf_changed":false,"_links_to":"","_links_to_target":""},"product_brand":[],"product_cat":[540,1244],"product_tag":[],"class_list":{"0":"post-13391","1":"product","2":"type-product","3":"status-publish","4":"has-post-thumbnail","6":"product_cat-mastiques-e-emplastros","7":"product_cat-preparaciones-y-fondos-pt-pt","8":"pa_iconos-base-agua-pt-pt","10":"first","11":"instock","12":"shipping-taxable","13":"product-type-simple"},"acf":[],"_links":{"self":[{"href":"https:\/\/jafep.com\/pt-pt\/wp-json\/wp\/v2\/product\/13391","targetHints":{"allow":["GET"]}}],"collection":[{"href":"https:\/\/jafep.com\/pt-pt\/wp-json\/wp\/v2\/product"}],"about":[{"href":"https:\/\/jafep.com\/pt-pt\/wp-json\/wp\/v2\/types\/product"}],"replies":[{"embeddable":true,"href":"https:\/\/jafep.com\/pt-pt\/wp-json\/wp\/v2\/comments?post=13391"}],"wp:featuredmedia":[{"embeddable":true,"href":"https:\/\/jafep.com\/pt-pt\/wp-json\/wp\/v2\/media\/83006"}],"wp:attachment":[{"href":"https:\/\/jafep.com\/pt-pt\/wp-json\/wp\/v2\/media?parent=13391"}],"wp:term":[{"taxonomy":"product_brand","embeddable":true,"href":"https:\/\/jafep.com\/pt-pt\/wp-json\/wp\/v2\/product_brand?post=13391"},{"taxonomy":"product_cat","embeddable":true,"href":"https:\/\/jafep.com\/pt-pt\/wp-json\/wp\/v2\/product_cat?post=13391"},{"taxonomy":"product_tag","embeddable":true,"href":"https:\/\/jafep.com\/pt-pt\/wp-json\/wp\/v2\/product_tag?post=13391"}],"curies":[{"name":"wp","href":"https:\/\/api.w.org\/{rel}","templated":true}]}}