{"id":13362,"date":"2018-06-19T10:02:56","date_gmt":"2023-10-06T08:15:19","guid":{"rendered":"https:\/\/jafep.com\/?post_type=product&#038;p=13362"},"modified":"2023-10-06T08:15:19","modified_gmt":"2023-10-06T08:15:19","slug":"membralastic-pinroda","status":"publish","type":"product","link":"https:\/\/jafep.com\/pt-pt\/producto\/membralastic-pinroda\/","title":{"rendered":"Membralastic Pinroda"},"content":{"rendered":"<p>Membralastic Pinroda \u00e9 um impermeabilizante l\u00edquido elastom\u00e9rico altamente el\u00e1stico em fase aquosa, fabricado a partir de uma dispers\u00e3o de copol\u00edmeros acr\u00edlicos em emuls\u00e3o. <\/p>\n","protected":false},"excerpt":{"rendered":"<p>Elast\u00f4mero impermeabilizante <\/p>\n","protected":false},"featured_media":82886,"comment_status":"closed","ping_status":"closed","template":"","meta":{"_acf_changed":false,"_links_to":"","_links_to_target":""},"product_brand":[],"product_cat":[1065,1586,484,1319,1558],"product_tag":[],"class_list":{"0":"post-13362","1":"product","2":"type-product","3":"status-publish","4":"has-post-thumbnail","6":"product_cat-exteriores-pt-pt","7":"product_cat-impermeabilizacao","8":"product_cat-impermeabilizacao-anti-mofo","9":"product_cat-pinroda-pt-pt-2","10":"product_cat-pintar-terracos","11":"pa_formatos-12l-pt-pt","12":"pa_herramientas-airless-pt-pt","13":"pa_herramientas-brocha-pt-pt","14":"pa_herramientas-pistola-pt-pt","15":"pa_herramientas-rodillo-fachadas-lana-oveja-20mm-pt-pt","16":"pa_herramientas-rodillo-fachadas-poliamida-extra-larga-de-20mm-pt-pt","17":"pa_herramientas-rodillo-fachadas-poliamida-larga-de-19mm-pt-pt","18":"pa_iconos-41-brocha-rodillo-pistola-pt-pt","19":"pa_iconos-base-agua-pt-pt","20":"pa_iconos-exterior-pt-pt","21":"pa_iconos-rendimiento-0-7-0-8-m2-l-pt-pt","22":"pa_iconos-semimate-pt-pt","24":"first","25":"instock","26":"shipping-taxable","27":"product-type-simple"},"acf":[],"_links":{"self":[{"href":"https:\/\/jafep.com\/pt-pt\/wp-json\/wp\/v2\/product\/13362","targetHints":{"allow":["GET"]}}],"collection":[{"href":"https:\/\/jafep.com\/pt-pt\/wp-json\/wp\/v2\/product"}],"about":[{"href":"https:\/\/jafep.com\/pt-pt\/wp-json\/wp\/v2\/types\/product"}],"replies":[{"embeddable":true,"href":"https:\/\/jafep.com\/pt-pt\/wp-json\/wp\/v2\/comments?post=13362"}],"wp:featuredmedia":[{"embeddable":true,"href":"https:\/\/jafep.com\/pt-pt\/wp-json\/wp\/v2\/media\/82886"}],"wp:attachment":[{"href":"https:\/\/jafep.com\/pt-pt\/wp-json\/wp\/v2\/media?parent=13362"}],"wp:term":[{"taxonomy":"product_brand","embeddable":true,"href":"https:\/\/jafep.com\/pt-pt\/wp-json\/wp\/v2\/product_brand?post=13362"},{"taxonomy":"product_cat","embeddable":true,"href":"https:\/\/jafep.com\/pt-pt\/wp-json\/wp\/v2\/product_cat?post=13362"},{"taxonomy":"product_tag","embeddable":true,"href":"https:\/\/jafep.com\/pt-pt\/wp-json\/wp\/v2\/product_tag?post=13362"}],"curies":[{"name":"wp","href":"https:\/\/api.w.org\/{rel}","templated":true}]}}