{"id":13360,"date":"2022-03-10T18:28:24","date_gmt":"2023-10-06T07:40:46","guid":{"rendered":"https:\/\/jafep.com\/?post_type=product&#038;p=13360"},"modified":"2023-10-06T07:40:46","modified_gmt":"2023-10-06T07:40:46","slug":"pinroda-primario-sintetico-recuperada","status":"publish","type":"product","link":"https:\/\/jafep.com\/pt-pt\/producto\/pinroda-primario-sintetico-recuperada\/","title":{"rendered":"Pinroda Prim\u00e1rio Sint\u00e9tico Recuperada"},"content":{"rendered":"<p>Prim\u00e1rio b\u00e1sico para o tratamento inicial de superf\u00edcies met\u00e1licas. <\/p>\n","protected":false},"excerpt":{"rendered":"<p>Prim\u00e1rio b\u00e1sico para o tratamento inicial de superf\u00edcies met\u00e1licas.<\/p>\n","protected":false},"featured_media":83026,"comment_status":"closed","ping_status":"closed","template":"","meta":{"_acf_changed":false,"_links_to":"","_links_to_target":""},"product_brand":[],"product_cat":[1065,1247,1319,1472,487],"product_tag":[],"class_list":{"0":"post-13360","1":"product","2":"type-product","3":"status-publish","4":"has-post-thumbnail","6":"product_cat-exteriores-pt-pt","7":"product_cat-interiores-pt-pt","8":"product_cat-pinroda-pt-pt-2","9":"product_cat-primario","10":"product_cat-primarios-pt-pt","11":"pa_formatos-15l-pt-pt","12":"pa_herramientas-airless-pt-pt","13":"pa_herramientas-pistola-pt-pt","14":"pa_iconos-2-base-solvente-pt-pt","15":"pa_iconos-40-brocha-rodillo-pt-pt","16":"pa_iconos-45-exterior-interior-pt-pt","17":"pa_iconos-cartacolores","18":"pa_iconos-rendimiento-9-12-m2-l-pt-pt","19":"pa_iconos-satinado-pt-pt","21":"first","22":"instock","23":"shipping-taxable","24":"product-type-simple"},"acf":[],"_links":{"self":[{"href":"https:\/\/jafep.com\/pt-pt\/wp-json\/wp\/v2\/product\/13360","targetHints":{"allow":["GET"]}}],"collection":[{"href":"https:\/\/jafep.com\/pt-pt\/wp-json\/wp\/v2\/product"}],"about":[{"href":"https:\/\/jafep.com\/pt-pt\/wp-json\/wp\/v2\/types\/product"}],"replies":[{"embeddable":true,"href":"https:\/\/jafep.com\/pt-pt\/wp-json\/wp\/v2\/comments?post=13360"}],"wp:featuredmedia":[{"embeddable":true,"href":"https:\/\/jafep.com\/pt-pt\/wp-json\/wp\/v2\/media\/83026"}],"wp:attachment":[{"href":"https:\/\/jafep.com\/pt-pt\/wp-json\/wp\/v2\/media?parent=13360"}],"wp:term":[{"taxonomy":"product_brand","embeddable":true,"href":"https:\/\/jafep.com\/pt-pt\/wp-json\/wp\/v2\/product_brand?post=13360"},{"taxonomy":"product_cat","embeddable":true,"href":"https:\/\/jafep.com\/pt-pt\/wp-json\/wp\/v2\/product_cat?post=13360"},{"taxonomy":"product_tag","embeddable":true,"href":"https:\/\/jafep.com\/pt-pt\/wp-json\/wp\/v2\/product_tag?post=13360"}],"curies":[{"name":"wp","href":"https:\/\/api.w.org\/{rel}","templated":true}]}}