{"id":13331,"date":"2016-02-05T15:09:05","date_gmt":"2023-09-27T07:38:07","guid":{"rendered":"https:\/\/jafep.com\/?post_type=product&#038;p=13331"},"modified":"2023-09-27T07:38:07","modified_gmt":"2023-09-27T07:38:07","slug":"petroleo","status":"publish","type":"product","link":"https:\/\/jafep.com\/pt-pt\/producto\/petroleo\/","title":{"rendered":"Petr\u00f3leo"},"content":{"rendered":"<p>Produto de limpeza industrial. Tamb\u00e9m serve como protetor anticorrosivo para pe\u00e7as met\u00e1licas. <\/p>\n","protected":false},"excerpt":{"rendered":"<p>Produto de limpeza industrial. Tamb\u00e9m serve como protetor anticorrosivo para pe\u00e7as met\u00e1licas.<\/p>\n","protected":false},"featured_media":82656,"comment_status":"closed","ping_status":"closed","template":"","meta":{"_acf_changed":false,"_links_to":"","_links_to_target":""},"product_brand":[],"product_cat":[1304],"product_tag":[],"class_list":{"0":"post-13331","1":"product","2":"type-product","3":"status-publish","4":"has-post-thumbnail","6":"product_cat-complementos-pt-pt-4","7":"pa_formatos-1l-pt-pt","9":"first","10":"instock","11":"shipping-taxable","12":"product-type-simple"},"acf":[],"_links":{"self":[{"href":"https:\/\/jafep.com\/pt-pt\/wp-json\/wp\/v2\/product\/13331","targetHints":{"allow":["GET"]}}],"collection":[{"href":"https:\/\/jafep.com\/pt-pt\/wp-json\/wp\/v2\/product"}],"about":[{"href":"https:\/\/jafep.com\/pt-pt\/wp-json\/wp\/v2\/types\/product"}],"replies":[{"embeddable":true,"href":"https:\/\/jafep.com\/pt-pt\/wp-json\/wp\/v2\/comments?post=13331"}],"wp:featuredmedia":[{"embeddable":true,"href":"https:\/\/jafep.com\/pt-pt\/wp-json\/wp\/v2\/media\/82656"}],"wp:attachment":[{"href":"https:\/\/jafep.com\/pt-pt\/wp-json\/wp\/v2\/media?parent=13331"}],"wp:term":[{"taxonomy":"product_brand","embeddable":true,"href":"https:\/\/jafep.com\/pt-pt\/wp-json\/wp\/v2\/product_brand?post=13331"},{"taxonomy":"product_cat","embeddable":true,"href":"https:\/\/jafep.com\/pt-pt\/wp-json\/wp\/v2\/product_cat?post=13331"},{"taxonomy":"product_tag","embeddable":true,"href":"https:\/\/jafep.com\/pt-pt\/wp-json\/wp\/v2\/product_tag?post=13331"}],"curies":[{"name":"wp","href":"https:\/\/api.w.org\/{rel}","templated":true}]}}