{"id":13231,"date":"2021-02-16T11:54:09","date_gmt":"2023-09-20T11:05:50","guid":{"rendered":"https:\/\/jafep.com\/?post_type=product&#038;p=13231"},"modified":"2023-09-20T11:05:50","modified_gmt":"2023-09-20T11:05:50","slug":"agua-forte-salfuman","status":"publish","type":"product","link":"https:\/\/jafep.com\/pt-pt\/producto\/agua-forte-salfuman\/","title":{"rendered":"\u00c1gua-forte (Salfum\u00e1n)"},"content":{"rendered":"<p>Regulador de pH, removedor de calc\u00e1rio, cimento, etc., limpeza de banheiros. <\/p>\n","protected":false},"excerpt":{"rendered":"<p>Produto de limpeza, removedor de calc\u00e1rio. <\/p>\n","protected":false},"featured_media":82987,"comment_status":"closed","ping_status":"closed","template":"","meta":{"_acf_changed":false,"_links_to":"","_links_to_target":""},"product_brand":[],"product_cat":[27],"product_tag":[],"class_list":{"0":"post-13231","1":"product","2":"type-product","3":"status-publish","4":"has-post-thumbnail","6":"product_cat-esmaltes-imprimaciones-y-selladoras","8":"first","9":"instock","10":"shipping-taxable","11":"product-type-simple"},"acf":[],"_links":{"self":[{"href":"https:\/\/jafep.com\/pt-pt\/wp-json\/wp\/v2\/product\/13231","targetHints":{"allow":["GET"]}}],"collection":[{"href":"https:\/\/jafep.com\/pt-pt\/wp-json\/wp\/v2\/product"}],"about":[{"href":"https:\/\/jafep.com\/pt-pt\/wp-json\/wp\/v2\/types\/product"}],"replies":[{"embeddable":true,"href":"https:\/\/jafep.com\/pt-pt\/wp-json\/wp\/v2\/comments?post=13231"}],"wp:featuredmedia":[{"embeddable":true,"href":"https:\/\/jafep.com\/pt-pt\/wp-json\/wp\/v2\/media\/82987"}],"wp:attachment":[{"href":"https:\/\/jafep.com\/pt-pt\/wp-json\/wp\/v2\/media?parent=13231"}],"wp:term":[{"taxonomy":"product_brand","embeddable":true,"href":"https:\/\/jafep.com\/pt-pt\/wp-json\/wp\/v2\/product_brand?post=13231"},{"taxonomy":"product_cat","embeddable":true,"href":"https:\/\/jafep.com\/pt-pt\/wp-json\/wp\/v2\/product_cat?post=13231"},{"taxonomy":"product_tag","embeddable":true,"href":"https:\/\/jafep.com\/pt-pt\/wp-json\/wp\/v2\/product_tag?post=13231"}],"curies":[{"name":"wp","href":"https:\/\/api.w.org\/{rel}","templated":true}]}}