{"id":13120,"date":"2023-08-21T10:02:17","date_gmt":"2023-08-21T10:02:17","guid":{"rendered":"https:\/\/jafep.com\/?post_type=product&#038;p=13120"},"modified":"2025-04-02T14:46:41","modified_gmt":"2025-04-02T14:46:41","slug":"solvente-limpieza","status":"publish","type":"product","link":"https:\/\/jafep.com\/pt-pt\/producto\/solvente-limpieza\/","title":{"rendered":"Solvente Limpieza"},"content":{"rendered":"<p>Solvente para limpeza de ferramentas de trabalho, na maioria das tintas, \u00e0 base de solvente.<\/p>\n<p>For\u00e7a solvente adequada, para produzir uma limpeza r\u00e1pida e econ\u00f4mica. <\/p>\n","protected":false},"excerpt":{"rendered":"<p>Solvente para limpeza de ferramentas de trabalho, na maioria das tintas, \u00e0 base de solvente. For\u00e7a solvente adequada, para produzir uma limpeza r\u00e1pida e econ\u00f4mica.<\/p>\n","protected":false},"featured_media":13950,"comment_status":"closed","ping_status":"closed","template":"","meta":{"_acf_changed":false,"_links_to":"","_links_to_target":""},"product_brand":[],"product_cat":[1307],"product_tag":[],"class_list":{"0":"post-13120","1":"product","2":"type-product","3":"status-publish","4":"has-post-thumbnail","6":"product_cat-diluentes-pt-pt","8":"first","9":"instock","10":"shipping-taxable","11":"product-type-simple"},"acf":[],"_links":{"self":[{"href":"https:\/\/jafep.com\/pt-pt\/wp-json\/wp\/v2\/product\/13120","targetHints":{"allow":["GET"]}}],"collection":[{"href":"https:\/\/jafep.com\/pt-pt\/wp-json\/wp\/v2\/product"}],"about":[{"href":"https:\/\/jafep.com\/pt-pt\/wp-json\/wp\/v2\/types\/product"}],"replies":[{"embeddable":true,"href":"https:\/\/jafep.com\/pt-pt\/wp-json\/wp\/v2\/comments?post=13120"}],"wp:featuredmedia":[{"embeddable":true,"href":"https:\/\/jafep.com\/pt-pt\/wp-json\/wp\/v2\/media\/13950"}],"wp:attachment":[{"href":"https:\/\/jafep.com\/pt-pt\/wp-json\/wp\/v2\/media?parent=13120"}],"wp:term":[{"taxonomy":"product_brand","embeddable":true,"href":"https:\/\/jafep.com\/pt-pt\/wp-json\/wp\/v2\/product_brand?post=13120"},{"taxonomy":"product_cat","embeddable":true,"href":"https:\/\/jafep.com\/pt-pt\/wp-json\/wp\/v2\/product_cat?post=13120"},{"taxonomy":"product_tag","embeddable":true,"href":"https:\/\/jafep.com\/pt-pt\/wp-json\/wp\/v2\/product_tag?post=13120"}],"curies":[{"name":"wp","href":"https:\/\/api.w.org\/{rel}","templated":true}]}}