{"id":13106,"date":"2020-02-11T15:17:03","date_gmt":"2023-08-08T09:21:48","guid":{"rendered":"https:\/\/jafep.com\/?post_type=product&#038;p=13106"},"modified":"2023-08-08T10:28:59","modified_gmt":"2023-08-08T10:28:59","slug":"solvente-extra-universal-sem-hidrocarbonetos","status":"publish","type":"product","link":"https:\/\/jafep.com\/pt-pt\/producto\/solvente-extra-universal-sem-hidrocarbonetos\/","title":{"rendered":"Solvente Extra Universal. Sem Hidrocarbonetos"},"content":{"rendered":"<p>Para primers. esmaltes, vernizes, de qualquer natureza (sint\u00e9ticos, poliuretanos, acr\u00edlicos, nitro). Totalmente isento de Tolueno e outros compostos arom\u00e1ticos e alif\u00e1ticos. <\/p>\n","protected":false},"excerpt":{"rendered":"<p>Mistura de solventes. <\/p>\n","protected":false},"featured_media":0,"comment_status":"closed","ping_status":"closed","template":"","meta":{"_acf_changed":false,"_links_to":"","_links_to_target":""},"product_brand":[],"product_cat":[1310],"product_tag":[],"class_list":{"0":"post-13106","1":"product","2":"type-product","3":"status-publish","5":"product_cat-esmaltes-primarios-e-selantes","7":"first","8":"instock","9":"shipping-taxable","10":"product-type-simple"},"acf":[],"_links":{"self":[{"href":"https:\/\/jafep.com\/pt-pt\/wp-json\/wp\/v2\/product\/13106","targetHints":{"allow":["GET"]}}],"collection":[{"href":"https:\/\/jafep.com\/pt-pt\/wp-json\/wp\/v2\/product"}],"about":[{"href":"https:\/\/jafep.com\/pt-pt\/wp-json\/wp\/v2\/types\/product"}],"replies":[{"embeddable":true,"href":"https:\/\/jafep.com\/pt-pt\/wp-json\/wp\/v2\/comments?post=13106"}],"wp:attachment":[{"href":"https:\/\/jafep.com\/pt-pt\/wp-json\/wp\/v2\/media?parent=13106"}],"wp:term":[{"taxonomy":"product_brand","embeddable":true,"href":"https:\/\/jafep.com\/pt-pt\/wp-json\/wp\/v2\/product_brand?post=13106"},{"taxonomy":"product_cat","embeddable":true,"href":"https:\/\/jafep.com\/pt-pt\/wp-json\/wp\/v2\/product_cat?post=13106"},{"taxonomy":"product_tag","embeddable":true,"href":"https:\/\/jafep.com\/pt-pt\/wp-json\/wp\/v2\/product_tag?post=13106"}],"curies":[{"name":"wp","href":"https:\/\/api.w.org\/{rel}","templated":true}]}}