{"id":13078,"date":"2016-02-05T10:30:36","date_gmt":"2016-02-05T10:30:36","guid":{"rendered":"https:\/\/jafep.com\/?post_type=product&#038;p=13078"},"modified":"2023-07-14T07:31:04","modified_gmt":"2023-07-14T07:31:04","slug":"massa-exterior","status":"publish","type":"product","link":"https:\/\/jafep.com\/pt-pt\/producto\/massa-exterior\/","title":{"rendered":"Massa Exterior"},"content":{"rendered":"<p>Massa em p\u00f3 para reboco e repara\u00e7\u00e3o. Cobre e repara superf\u00edcies de cimento, bet\u00e3o, tijolo, pedra, etc. Adequado para alisar mosaicos de vidro e ladrilhos cer\u00e2micos. Tamb\u00e9m preenche e repara elementos decorativos como colunas, balaustradas, etc. \u00c9 aplicado em todos os tipos de superf\u00edcies de constru\u00e7\u00e3o e alvenaria.<\/p>\n<p>Para aplica\u00e7\u00e3o em camada espessa, recomenda-se misturar com agregados e areia. <\/p>\n","protected":false},"excerpt":{"rendered":"<p>Massa em p\u00f3 para reboco e repara\u00e7\u00e3o. Cobre e repara superf\u00edcies de cimento, bet\u00e3o, tijolo, pedra, etc. Adequado para alisar mosaicos de vidro e ladrilhos cer\u00e2micos. Tamb\u00e9m preenche e repara elementos decorativos como colunas, balaustradas, etc. \u00c9 aplicado em todos os tipos de superf\u00edcies de constru\u00e7\u00e3o e alvenaria. Para aplica\u00e7\u00e3o em camada espessa, recomenda-se misturar&#8230;<\/p>\n","protected":false},"featured_media":82481,"comment_status":"closed","ping_status":"closed","template":"","meta":{"_acf_changed":false,"_links_to":"","_links_to_target":""},"product_brand":[],"product_cat":[1065,1515,540,1244,1514],"product_tag":[],"class_list":{"0":"post-13078","1":"product","2":"type-product","3":"status-publish","4":"has-post-thumbnail","6":"product_cat-exteriores-pt-pt","7":"product_cat-fendas","8":"product_cat-mastiques-e-emplastros","9":"product_cat-preparaciones-y-fondos-pt-pt","10":"product_cat-reparar-resolver-problemas","11":"pa_formatos-15kg-pt-pt","12":"pa_herramientas-llana-pt","13":"pa_iconos-base-agua-pt-pt","14":"pa_iconos-exterior-pt-pt","16":"first","17":"instock","18":"shipping-taxable","19":"product-type-simple"},"acf":[],"_links":{"self":[{"href":"https:\/\/jafep.com\/pt-pt\/wp-json\/wp\/v2\/product\/13078","targetHints":{"allow":["GET"]}}],"collection":[{"href":"https:\/\/jafep.com\/pt-pt\/wp-json\/wp\/v2\/product"}],"about":[{"href":"https:\/\/jafep.com\/pt-pt\/wp-json\/wp\/v2\/types\/product"}],"replies":[{"embeddable":true,"href":"https:\/\/jafep.com\/pt-pt\/wp-json\/wp\/v2\/comments?post=13078"}],"wp:featuredmedia":[{"embeddable":true,"href":"https:\/\/jafep.com\/pt-pt\/wp-json\/wp\/v2\/media\/82481"}],"wp:attachment":[{"href":"https:\/\/jafep.com\/pt-pt\/wp-json\/wp\/v2\/media?parent=13078"}],"wp:term":[{"taxonomy":"product_brand","embeddable":true,"href":"https:\/\/jafep.com\/pt-pt\/wp-json\/wp\/v2\/product_brand?post=13078"},{"taxonomy":"product_cat","embeddable":true,"href":"https:\/\/jafep.com\/pt-pt\/wp-json\/wp\/v2\/product_cat?post=13078"},{"taxonomy":"product_tag","embeddable":true,"href":"https:\/\/jafep.com\/pt-pt\/wp-json\/wp\/v2\/product_tag?post=13078"}],"curies":[{"name":"wp","href":"https:\/\/api.w.org\/{rel}","templated":true}]}}