{"id":13071,"date":"2017-03-27T07:39:37","date_gmt":"2023-07-13T11:10:59","guid":{"rendered":"https:\/\/jafep.com\/?post_type=product&#038;p=13071"},"modified":"2023-07-13T11:10:59","modified_gmt":"2023-07-13T11:10:59","slug":"beyem-r1-t-renodur-exterior-interior","status":"publish","type":"product","link":"https:\/\/jafep.com\/pt-pt\/producto\/beyem-r1-t-renodur-exterior-interior\/","title":{"rendered":"Beyem R1 T Renodur Exterior-Interior"},"content":{"rendered":"<p>Massa tixotr\u00f3pica monocomponente de retra\u00e7\u00e3o compensada e elevada deformabilidade para a repara\u00e7\u00e3o e renova\u00e7\u00e3o de paredes verticais. <\/p>\n","protected":false},"excerpt":{"rendered":"<p>Massa tixotr\u00f3pica monocomponente de retra\u00e7\u00e3o compensada e elevada deformabilidade para a repara\u00e7\u00e3o e renova\u00e7\u00e3o de paredes verticais.<\/p>\n","protected":false},"featured_media":82861,"comment_status":"closed","ping_status":"closed","template":"","meta":{"_acf_changed":false,"_links_to":"","_links_to_target":""},"product_brand":[],"product_cat":[540,1244,1067],"product_tag":[],"class_list":{"0":"post-13071","1":"product","2":"type-product","3":"status-publish","4":"has-post-thumbnail","6":"product_cat-mastiques-e-emplastros","7":"product_cat-preparaciones-y-fondos-pt-pt","8":"product_cat-reparar-fachadas-pt-pt","9":"pa_herramientas-llana-pt","11":"first","12":"instock","13":"shipping-taxable","14":"product-type-simple"},"acf":[],"_links":{"self":[{"href":"https:\/\/jafep.com\/pt-pt\/wp-json\/wp\/v2\/product\/13071","targetHints":{"allow":["GET"]}}],"collection":[{"href":"https:\/\/jafep.com\/pt-pt\/wp-json\/wp\/v2\/product"}],"about":[{"href":"https:\/\/jafep.com\/pt-pt\/wp-json\/wp\/v2\/types\/product"}],"replies":[{"embeddable":true,"href":"https:\/\/jafep.com\/pt-pt\/wp-json\/wp\/v2\/comments?post=13071"}],"wp:featuredmedia":[{"embeddable":true,"href":"https:\/\/jafep.com\/pt-pt\/wp-json\/wp\/v2\/media\/82861"}],"wp:attachment":[{"href":"https:\/\/jafep.com\/pt-pt\/wp-json\/wp\/v2\/media?parent=13071"}],"wp:term":[{"taxonomy":"product_brand","embeddable":true,"href":"https:\/\/jafep.com\/pt-pt\/wp-json\/wp\/v2\/product_brand?post=13071"},{"taxonomy":"product_cat","embeddable":true,"href":"https:\/\/jafep.com\/pt-pt\/wp-json\/wp\/v2\/product_cat?post=13071"},{"taxonomy":"product_tag","embeddable":true,"href":"https:\/\/jafep.com\/pt-pt\/wp-json\/wp\/v2\/product_tag?post=13071"}],"curies":[{"name":"wp","href":"https:\/\/api.w.org\/{rel}","templated":true}]}}