{"id":13061,"date":"2020-10-22T13:58:43","date_gmt":"2023-07-13T09:16:20","guid":{"rendered":"https:\/\/jafep.com\/?post_type=product&#038;p=13061"},"modified":"2023-07-13T09:16:20","modified_gmt":"2023-07-13T09:16:20","slug":"massa-fendas","status":"publish","type":"product","link":"https:\/\/jafep.com\/pt-pt\/producto\/massa-fendas\/","title":{"rendered":"Massa Fendas"},"content":{"rendered":"<p>Massa de enchimento \u00e0 base de \u00e1gua, f\u00e1cil de aplicar e de secagem r\u00e1pida. Ideal para encher e reparar fendas, fissuras, buracos e rachaduras em paredes, tetos e molduras. N\u00e3o contrai nem racha. <\/p>\n","protected":false},"excerpt":{"rendered":"<p>Massa de enchimento \u00e0 base de \u00e1gua, f\u00e1cil de aplicar e de secagem r\u00e1pida <\/p>\n","protected":false},"featured_media":83156,"comment_status":"closed","ping_status":"closed","template":"","meta":{"_acf_changed":false,"_links_to":"","_links_to_target":""},"product_brand":[],"product_cat":[540],"product_tag":[],"class_list":{"0":"post-13061","1":"product","2":"type-product","3":"status-publish","4":"has-post-thumbnail","6":"product_cat-mastiques-e-emplastros","7":"pa_herramientas-llana-pt","8":"pa_iconos-base-agua-pt-pt","9":"pa_iconos-producto-al-agua-pt-pt","11":"first","12":"instock","13":"shipping-taxable","14":"product-type-simple"},"acf":[],"_links":{"self":[{"href":"https:\/\/jafep.com\/pt-pt\/wp-json\/wp\/v2\/product\/13061","targetHints":{"allow":["GET"]}}],"collection":[{"href":"https:\/\/jafep.com\/pt-pt\/wp-json\/wp\/v2\/product"}],"about":[{"href":"https:\/\/jafep.com\/pt-pt\/wp-json\/wp\/v2\/types\/product"}],"replies":[{"embeddable":true,"href":"https:\/\/jafep.com\/pt-pt\/wp-json\/wp\/v2\/comments?post=13061"}],"wp:featuredmedia":[{"embeddable":true,"href":"https:\/\/jafep.com\/pt-pt\/wp-json\/wp\/v2\/media\/83156"}],"wp:attachment":[{"href":"https:\/\/jafep.com\/pt-pt\/wp-json\/wp\/v2\/media?parent=13061"}],"wp:term":[{"taxonomy":"product_brand","embeddable":true,"href":"https:\/\/jafep.com\/pt-pt\/wp-json\/wp\/v2\/product_brand?post=13061"},{"taxonomy":"product_cat","embeddable":true,"href":"https:\/\/jafep.com\/pt-pt\/wp-json\/wp\/v2\/product_cat?post=13061"},{"taxonomy":"product_tag","embeddable":true,"href":"https:\/\/jafep.com\/pt-pt\/wp-json\/wp\/v2\/product_tag?post=13061"}],"curies":[{"name":"wp","href":"https:\/\/api.w.org\/{rel}","templated":true}]}}