{"id":13044,"date":"2018-04-11T17:06:14","date_gmt":"2023-07-06T10:31:59","guid":{"rendered":"https:\/\/jafep.com\/?post_type=product&#038;p=13044"},"modified":"2023-07-06T10:31:59","modified_gmt":"2023-07-06T10:31:59","slug":"diluente-para-tintas-e-esmaltes-aquosos","status":"publish","type":"product","link":"https:\/\/jafep.com\/pt-pt\/producto\/diluente-para-tintas-e-esmaltes-aquosos\/","title":{"rendered":"Diluente para Tintas e Esmaltes Aquosos"},"content":{"rendered":"<p>Diluente para tintas e esmaltes aquosos que evita os problemas de contamina\u00e7\u00e3o e degrada\u00e7\u00e3o gerados pela \u00e1gua corrente <\/p>\n","protected":false},"excerpt":{"rendered":"<p>Diluente para Tintas e Esmaltes Aquosos <\/p>\n","protected":false},"featured_media":82876,"comment_status":"closed","ping_status":"closed","template":"","meta":{"_acf_changed":false,"_links_to":"","_links_to_target":""},"product_brand":[],"product_cat":[1307,1470],"product_tag":[],"class_list":{"0":"post-13044","1":"product","2":"type-product","3":"status-publish","4":"has-post-thumbnail","6":"product_cat-diluentes-pt-pt","7":"product_cat-diluentes-pt-pt-2","8":"pa_formatos-500ml-pt-pt","9":"pa_iconos-base-agua-pt-pt","11":"first","12":"instock","13":"shipping-taxable","14":"product-type-simple"},"acf":[],"_links":{"self":[{"href":"https:\/\/jafep.com\/pt-pt\/wp-json\/wp\/v2\/product\/13044","targetHints":{"allow":["GET"]}}],"collection":[{"href":"https:\/\/jafep.com\/pt-pt\/wp-json\/wp\/v2\/product"}],"about":[{"href":"https:\/\/jafep.com\/pt-pt\/wp-json\/wp\/v2\/types\/product"}],"replies":[{"embeddable":true,"href":"https:\/\/jafep.com\/pt-pt\/wp-json\/wp\/v2\/comments?post=13044"}],"wp:featuredmedia":[{"embeddable":true,"href":"https:\/\/jafep.com\/pt-pt\/wp-json\/wp\/v2\/media\/82876"}],"wp:attachment":[{"href":"https:\/\/jafep.com\/pt-pt\/wp-json\/wp\/v2\/media?parent=13044"}],"wp:term":[{"taxonomy":"product_brand","embeddable":true,"href":"https:\/\/jafep.com\/pt-pt\/wp-json\/wp\/v2\/product_brand?post=13044"},{"taxonomy":"product_cat","embeddable":true,"href":"https:\/\/jafep.com\/pt-pt\/wp-json\/wp\/v2\/product_cat?post=13044"},{"taxonomy":"product_tag","embeddable":true,"href":"https:\/\/jafep.com\/pt-pt\/wp-json\/wp\/v2\/product_tag?post=13044"}],"curies":[{"name":"wp","href":"https:\/\/api.w.org\/{rel}","templated":true}]}}