{"id":13030,"date":"2016-02-05T10:50:00","date_gmt":"2023-07-05T10:21:50","guid":{"rendered":"https:\/\/jafep.com\/?post_type=product&#038;p=13030"},"modified":"2023-07-05T10:21:50","modified_gmt":"2023-07-05T10:21:50","slug":"massa-elastica-fibrada","status":"publish","type":"product","link":"https:\/\/jafep.com\/pt-pt\/producto\/massa-elastica-fibrada\/","title":{"rendered":"Massa El\u00e1stica Fibrada"},"content":{"rendered":"<p>Massa pl\u00e1stica acr\u00edlica em pasta e refor\u00e7ada com fibras, pronta a usar. Extraordin\u00e1ria ades\u00e3o sobre um grande n\u00famero de suportes, pelo que permite o enchimento de rebocos, bet\u00e3o, cimento, argamassa e pintura antiga, tanto em interiores como em exteriores. <\/p>\n","protected":false},"excerpt":{"rendered":"<p>Massa pl\u00e1stica acr\u00edlica em pasta e refor\u00e7ada com fibras, pronta a usar. Extraordin\u00e1ria ades\u00e3o sobre um grande n\u00famero de suportes, pelo que permite o enchimento de rebocos, bet\u00e3o, cimento, argamassa e pintura antiga, tanto em interiores como em exteriores.<\/p>\n","protected":false},"featured_media":82501,"comment_status":"closed","ping_status":"closed","template":"","meta":{"_acf_changed":false,"_links_to":"","_links_to_target":""},"product_brand":[],"product_cat":[540,1244],"product_tag":[],"class_list":{"0":"post-13030","1":"product","2":"type-product","3":"status-publish","4":"has-post-thumbnail","6":"product_cat-mastiques-e-emplastros","7":"product_cat-preparaciones-y-fondos-pt-pt","8":"pa_formatos-1kg-pt-pt","9":"pa_formatos-5kg-pt-pt","10":"pa_herramientas-llana-pt","12":"first","13":"instock","14":"shipping-taxable","15":"product-type-simple"},"acf":[],"_links":{"self":[{"href":"https:\/\/jafep.com\/pt-pt\/wp-json\/wp\/v2\/product\/13030","targetHints":{"allow":["GET"]}}],"collection":[{"href":"https:\/\/jafep.com\/pt-pt\/wp-json\/wp\/v2\/product"}],"about":[{"href":"https:\/\/jafep.com\/pt-pt\/wp-json\/wp\/v2\/types\/product"}],"replies":[{"embeddable":true,"href":"https:\/\/jafep.com\/pt-pt\/wp-json\/wp\/v2\/comments?post=13030"}],"wp:featuredmedia":[{"embeddable":true,"href":"https:\/\/jafep.com\/pt-pt\/wp-json\/wp\/v2\/media\/82501"}],"wp:attachment":[{"href":"https:\/\/jafep.com\/pt-pt\/wp-json\/wp\/v2\/media?parent=13030"}],"wp:term":[{"taxonomy":"product_brand","embeddable":true,"href":"https:\/\/jafep.com\/pt-pt\/wp-json\/wp\/v2\/product_brand?post=13030"},{"taxonomy":"product_cat","embeddable":true,"href":"https:\/\/jafep.com\/pt-pt\/wp-json\/wp\/v2\/product_cat?post=13030"},{"taxonomy":"product_tag","embeddable":true,"href":"https:\/\/jafep.com\/pt-pt\/wp-json\/wp\/v2\/product_tag?post=13030"}],"curies":[{"name":"wp","href":"https:\/\/api.w.org\/{rel}","templated":true}]}}