{"id":12920,"date":"2020-09-16T14:34:14","date_gmt":"2023-07-03T10:52:11","guid":{"rendered":"https:\/\/jafep.com\/?post_type=product&#038;p=12920"},"modified":"2023-07-04T07:26:52","modified_gmt":"2023-07-04T07:26:52","slug":"tinta-epoxi-solvente-de-dois-componentes-kit","status":"publish","type":"product","link":"https:\/\/jafep.com\/pt-pt\/producto\/tinta-epoxi-solvente-de-dois-componentes-kit\/","title":{"rendered":"Tinta Ep\u00f3xi Solvente de Dois Componentes (Kit)"},"content":{"rendered":"<p>Tinta ep\u00f3xi de dois componentes para a pintura de pavimentos. Combina excelentes propriedades mec\u00e2nicas e elevada dureza e \u00e9 altamente resistente a salpicos de gasolina, gas\u00f3leo, l\u00edquido dos trav\u00f5es e similares. Formulado para aplica\u00e7\u00e3o em dem\u00e3o espessa. <\/p>\n","protected":false},"excerpt":{"rendered":"<p>Tinta ep\u00f3xi de dois componentes para a pintura de pavimentos. Combina excelentes propriedades mec\u00e2nicas e elevada dureza e \u00e9 altamente resistente a salpicos de gasolina, gas\u00f3leo, l\u00edquido dos trav\u00f5es e similares. Formulado para aplica\u00e7\u00e3o em dem\u00e3o espessa.<\/p>\n","protected":false},"featured_media":83661,"comment_status":"closed","ping_status":"closed","template":"","meta":{"_acf_changed":false,"_links_to":"","_links_to_target":""},"product_brand":[],"product_cat":[1412,1406],"product_tag":[],"class_list":{"0":"post-12920","1":"product","2":"type-product","3":"status-publish","4":"has-post-thumbnail","6":"product_cat-pisos-pavimentos-e-sinaletica-pt-pt","7":"product_cat-pisos-pavimentos-e-sinaletica","8":"pa_herramientas-airless-pt-pt","9":"pa_herramientas-brocha-pt-pt","10":"pa_herramientas-pistola-pt-pt","11":"pa_herramientas-rodillo-pt-pt","12":"pa_iconos-2-base-solvente-pt-pt","13":"pa_iconos-46-interior-pt-pt","14":"pa_iconos-a-b-pt-pt","15":"pa_iconos-base-pal-pt-pt","16":"pa_iconos-rendimiento-5-7-m2-l-pt-pt","17":"pa_iconos-semibrillante-pt-pt","19":"first","20":"instock","21":"shipping-taxable","22":"product-type-simple"},"acf":[],"_links":{"self":[{"href":"https:\/\/jafep.com\/pt-pt\/wp-json\/wp\/v2\/product\/12920","targetHints":{"allow":["GET"]}}],"collection":[{"href":"https:\/\/jafep.com\/pt-pt\/wp-json\/wp\/v2\/product"}],"about":[{"href":"https:\/\/jafep.com\/pt-pt\/wp-json\/wp\/v2\/types\/product"}],"replies":[{"embeddable":true,"href":"https:\/\/jafep.com\/pt-pt\/wp-json\/wp\/v2\/comments?post=12920"}],"wp:featuredmedia":[{"embeddable":true,"href":"https:\/\/jafep.com\/pt-pt\/wp-json\/wp\/v2\/media\/83661"}],"wp:attachment":[{"href":"https:\/\/jafep.com\/pt-pt\/wp-json\/wp\/v2\/media?parent=12920"}],"wp:term":[{"taxonomy":"product_brand","embeddable":true,"href":"https:\/\/jafep.com\/pt-pt\/wp-json\/wp\/v2\/product_brand?post=12920"},{"taxonomy":"product_cat","embeddable":true,"href":"https:\/\/jafep.com\/pt-pt\/wp-json\/wp\/v2\/product_cat?post=12920"},{"taxonomy":"product_tag","embeddable":true,"href":"https:\/\/jafep.com\/pt-pt\/wp-json\/wp\/v2\/product_tag?post=12920"}],"curies":[{"name":"wp","href":"https:\/\/api.w.org\/{rel}","templated":true}]}}