{"id":12875,"date":"2016-02-05T08:53:55","date_gmt":"2016-02-05T08:53:55","guid":{"rendered":"https:\/\/jafep.com\/?post_type=product&#038;p=12875"},"modified":"2023-06-22T13:24:16","modified_gmt":"2023-06-22T13:24:16","slug":"acabamento-jafestuc-metalico","status":"publish","type":"product","link":"https:\/\/jafep.com\/pt-pt\/producto\/acabamento-jafestuc-metalico\/","title":{"rendered":"Acabamento Jafestuc Met\u00e1lico"},"content":{"rendered":"<p>P\u00e1tina met\u00e1lica para complementar o Jafestuc Jafep. O resultado \u00e9 um efeito brilhante em tons de ouro ou prata. <\/p>\n","protected":false},"excerpt":{"rendered":"<p>P\u00e1tina met\u00e1lica para complementar o Jafestuc Jafep. O resultado \u00e9 um efeito brilhante em tons de ouro ou prata.<\/p>\n","protected":false},"featured_media":83752,"comment_status":"closed","ping_status":"closed","template":"","meta":{"_acf_changed":false,"_links_to":"","_links_to_target":""},"product_brand":[],"product_cat":[430,1295,1565,1568,1247],"product_tag":[],"class_list":{"0":"post-12875","1":"product","2":"type-product","3":"status-publish","4":"has-post-thumbnail","6":"product_cat-acabado","7":"product_cat-alta-decoracao-pt-pt","8":"product_cat-decorar-pintar-pt-pt","9":"product_cat-efeitos-decorativos","10":"product_cat-interiores-pt-pt","11":"pa_formatos-125ml-pt-pt","12":"pa_herramientas-llana-pt","13":"pa_iconos-46-interior-pt-pt","14":"pa_iconos-base-agua-pt-pt","15":"pa_iconos-brillante-pt-pt","16":"pa_iconos-cartacolores","17":"pa_iconos-multicolor-pt-pt","18":"pa_iconos-rendimiento-12-14-m2-l","20":"first","21":"instock","22":"shipping-taxable","23":"product-type-simple"},"acf":[],"_links":{"self":[{"href":"https:\/\/jafep.com\/pt-pt\/wp-json\/wp\/v2\/product\/12875","targetHints":{"allow":["GET"]}}],"collection":[{"href":"https:\/\/jafep.com\/pt-pt\/wp-json\/wp\/v2\/product"}],"about":[{"href":"https:\/\/jafep.com\/pt-pt\/wp-json\/wp\/v2\/types\/product"}],"replies":[{"embeddable":true,"href":"https:\/\/jafep.com\/pt-pt\/wp-json\/wp\/v2\/comments?post=12875"}],"wp:featuredmedia":[{"embeddable":true,"href":"https:\/\/jafep.com\/pt-pt\/wp-json\/wp\/v2\/media\/83752"}],"wp:attachment":[{"href":"https:\/\/jafep.com\/pt-pt\/wp-json\/wp\/v2\/media?parent=12875"}],"wp:term":[{"taxonomy":"product_brand","embeddable":true,"href":"https:\/\/jafep.com\/pt-pt\/wp-json\/wp\/v2\/product_brand?post=12875"},{"taxonomy":"product_cat","embeddable":true,"href":"https:\/\/jafep.com\/pt-pt\/wp-json\/wp\/v2\/product_cat?post=12875"},{"taxonomy":"product_tag","embeddable":true,"href":"https:\/\/jafep.com\/pt-pt\/wp-json\/wp\/v2\/product_tag?post=12875"}],"curies":[{"name":"wp","href":"https:\/\/api.w.org\/{rel}","templated":true}]}}