{"id":12819,"date":"2020-05-15T17:45:38","date_gmt":"2020-05-15T17:45:38","guid":{"rendered":"https:\/\/jafep.com\/?post_type=product&#038;p=12819"},"modified":"2023-06-21T07:34:11","modified_gmt":"2023-06-21T07:34:11","slug":"protetor-antioxidante-do-efeito-ferrugem-jafep","status":"publish","type":"product","link":"https:\/\/jafep.com\/pt-pt\/producto\/protetor-antioxidante-do-efeito-ferrugem-jafep\/","title":{"rendered":"Protetor Antioxidante do Efeito Ferrugem Jafep"},"content":{"rendered":"<p>Protetor incolor aquoso, \u00e0 base de resinas acr\u00edlicas e filtros solares de aspeto mate, que faz parte do sistema Efeito Ferrugem Jafep.<\/p>\n<p>\u00c9 aplicado em \u00faltimo lugar como dem\u00e3o protetora sobre a <strong>Base F\u00e9rrica<\/strong> e o <strong>Acelerador de \u00d3xido Jafep<\/strong>, criando uma pel\u00edcula fina, que praticamente n\u00e3o modifica o aspeto oxidado e protege da \u00e1gua, do sol e das intemp\u00e9ries. <\/p>\n","protected":false},"excerpt":{"rendered":"<p>Protetor incolor aquoso \u00e0 base de resinas acr\u00edlicas e protetores solares. <\/p>\n","protected":false},"featured_media":83687,"comment_status":"closed","ping_status":"closed","template":"","meta":{"_acf_changed":false,"_links_to":"","_links_to_target":""},"product_brand":[],"product_cat":[430,1295],"product_tag":[],"class_list":{"0":"post-12819","1":"product","2":"type-product","3":"status-publish","4":"has-post-thumbnail","6":"product_cat-acabado","7":"product_cat-alta-decoracao-pt-pt","8":"pa_herramientas-brocha-pt-pt","9":"pa_herramientas-rodillo-pt-pt","10":"pa_iconos-41-brocha-rodillo-pistola-pt-pt","11":"pa_iconos-45-exterior-interior-pt-pt","12":"pa_iconos-base-agua-pt-pt","13":"pa_iconos-producto-al-agua-pt-pt","15":"first","16":"instock","17":"shipping-taxable","18":"product-type-simple"},"acf":[],"_links":{"self":[{"href":"https:\/\/jafep.com\/pt-pt\/wp-json\/wp\/v2\/product\/12819","targetHints":{"allow":["GET"]}}],"collection":[{"href":"https:\/\/jafep.com\/pt-pt\/wp-json\/wp\/v2\/product"}],"about":[{"href":"https:\/\/jafep.com\/pt-pt\/wp-json\/wp\/v2\/types\/product"}],"replies":[{"embeddable":true,"href":"https:\/\/jafep.com\/pt-pt\/wp-json\/wp\/v2\/comments?post=12819"}],"wp:featuredmedia":[{"embeddable":true,"href":"https:\/\/jafep.com\/pt-pt\/wp-json\/wp\/v2\/media\/83687"}],"wp:attachment":[{"href":"https:\/\/jafep.com\/pt-pt\/wp-json\/wp\/v2\/media?parent=12819"}],"wp:term":[{"taxonomy":"product_brand","embeddable":true,"href":"https:\/\/jafep.com\/pt-pt\/wp-json\/wp\/v2\/product_brand?post=12819"},{"taxonomy":"product_cat","embeddable":true,"href":"https:\/\/jafep.com\/pt-pt\/wp-json\/wp\/v2\/product_cat?post=12819"},{"taxonomy":"product_tag","embeddable":true,"href":"https:\/\/jafep.com\/pt-pt\/wp-json\/wp\/v2\/product_tag?post=12819"}],"curies":[{"name":"wp","href":"https:\/\/api.w.org\/{rel}","templated":true}]}}