{"id":12816,"date":"2020-05-15T17:45:06","date_gmt":"2020-05-15T17:45:06","guid":{"rendered":"https:\/\/jafep.com\/?post_type=product&#038;p=12816"},"modified":"2023-06-21T07:45:31","modified_gmt":"2023-06-21T07:45:31","slug":"base-ferrica-do-efeito-ferrugem-jafep","status":"publish","type":"product","link":"https:\/\/jafep.com\/pt-pt\/producto\/base-ferrica-do-efeito-ferrugem-jafep\/","title":{"rendered":"Base F\u00e9rrica do Efeito Ferrugem Jafep"},"content":{"rendered":"<p>Utilizado em conjunto com o produto <strong>Acelerador de \u00d3xido<\/strong> e o <strong>Protetor de Ferrugem<\/strong>, d\u00e1 a qualquer superf\u00edcie um efeito de metal enferrujado.<\/p>\n<p>O efeito pode ser obtido numa grande variedade de substratos, tais como gesso, cimento, escaiola, madeira, metal, pl\u00e1stico, etc. Para a maioria dos substratos, deve ser aplicado um prim\u00e1rio com <strong>Multiusos Aquoso Jafep Cinzento<\/strong> para obter a ader\u00eancia correta e esconder imperfei\u00e7\u00f5es.<\/p>\n<p>Dada a multiplicidade de suportes e t\u00e9cnicas de aplica\u00e7\u00e3o poss\u00edveis, recomenda-se a realiza\u00e7\u00e3o de um teste antes da aplica\u00e7\u00e3o final para verificar o acabamento, a ader\u00eancia e a cor. <\/p>\n","protected":false},"excerpt":{"rendered":"<p class=\"MsoNormal\"><span lang=\"PT\">Base com resinas aquosas e part\u00edculas ferrosas<\/span><\/p>\n","protected":false},"featured_media":83691,"comment_status":"closed","ping_status":"closed","template":"","meta":{"_acf_changed":false,"_links_to":"","_links_to_target":""},"product_brand":[],"product_cat":[1295,1523,1521],"product_tag":[],"class_list":{"0":"post-12816","1":"product","2":"type-product","3":"status-publish","4":"has-post-thumbnail","6":"product_cat-alta-decoracao-pt-pt","7":"product_cat-efeito-enferrujado","8":"product_cat-metal-pt-pt","9":"pa_herramientas-brocha-pt-pt","10":"pa_herramientas-rodillo-pt-pt","11":"pa_iconos-41-brocha-rodillo-pistola-pt-pt","12":"pa_iconos-45-exterior-interior-pt-pt","13":"pa_iconos-base-agua-pt-pt","14":"pa_iconos-producto-al-agua-pt-pt","16":"first","17":"instock","18":"shipping-taxable","19":"product-type-simple"},"acf":[],"_links":{"self":[{"href":"https:\/\/jafep.com\/pt-pt\/wp-json\/wp\/v2\/product\/12816","targetHints":{"allow":["GET"]}}],"collection":[{"href":"https:\/\/jafep.com\/pt-pt\/wp-json\/wp\/v2\/product"}],"about":[{"href":"https:\/\/jafep.com\/pt-pt\/wp-json\/wp\/v2\/types\/product"}],"replies":[{"embeddable":true,"href":"https:\/\/jafep.com\/pt-pt\/wp-json\/wp\/v2\/comments?post=12816"}],"wp:featuredmedia":[{"embeddable":true,"href":"https:\/\/jafep.com\/pt-pt\/wp-json\/wp\/v2\/media\/83691"}],"wp:attachment":[{"href":"https:\/\/jafep.com\/pt-pt\/wp-json\/wp\/v2\/media?parent=12816"}],"wp:term":[{"taxonomy":"product_brand","embeddable":true,"href":"https:\/\/jafep.com\/pt-pt\/wp-json\/wp\/v2\/product_brand?post=12816"},{"taxonomy":"product_cat","embeddable":true,"href":"https:\/\/jafep.com\/pt-pt\/wp-json\/wp\/v2\/product_cat?post=12816"},{"taxonomy":"product_tag","embeddable":true,"href":"https:\/\/jafep.com\/pt-pt\/wp-json\/wp\/v2\/product_tag?post=12816"}],"curies":[{"name":"wp","href":"https:\/\/api.w.org\/{rel}","templated":true}]}}