{"id":12815,"date":"2020-05-15T17:46:04","date_gmt":"2020-05-15T17:46:04","guid":{"rendered":"https:\/\/jafep.com\/?post_type=product&#038;p=12815"},"modified":"2023-06-21T07:38:58","modified_gmt":"2023-06-21T07:38:58","slug":"acelerador-de-oxido-do-efeito-ferrugem-jafep","status":"publish","type":"product","link":"https:\/\/jafep.com\/pt-pt\/producto\/acelerador-de-oxido-do-efeito-ferrugem-jafep\/","title":{"rendered":"Acelerador de \u00d3xido do Efeito Ferrugem Jafep"},"content":{"rendered":"<p>O Acelerador de \u00d3xido faz parte do Sistema de Efeito Ferrugem Jafep composto pelo Prim\u00e1rio Cinzento Multiusos Aquoso, Base F\u00e9rrica, o Acelerador de \u00d3xido e Protetor Antioxidante.<\/p>\n<p>\u00c9 o componente capaz de gerar \u00f3xido quando aplicado sobre a dem\u00e3o seca da Base F\u00e9rrica ou sobre um metal n\u00e3o tratado.<\/p>\n<p>A cor final pode demorar at\u00e9 2 semanas, dependendo do substrato e das condi\u00e7\u00f5es ambientais de aplica\u00e7\u00e3o. <\/p>\n","protected":false},"excerpt":{"rendered":"<p class=\"MsoNormal\"><span lang=\"PT\">L\u00edquido gerador de efeito ferrugem quando aplicado sobre a dem\u00e3o seca da Base F\u00e9rrica do Sistema Efeito Ferrugem Jafep.<\/span><\/p>\n","protected":false},"featured_media":83683,"comment_status":"closed","ping_status":"closed","template":"","meta":{"_acf_changed":false,"_links_to":"","_links_to_target":""},"product_brand":[],"product_cat":[430,1295],"product_tag":[],"class_list":{"0":"post-12815","1":"product","2":"type-product","3":"status-publish","4":"has-post-thumbnail","6":"product_cat-acabado","7":"product_cat-alta-decoracao-pt-pt","8":"pa_herramientas-brocha-pt-pt","9":"pa_herramientas-rodillo-pt-pt","10":"pa_iconos-41-brocha-rodillo-pistola-pt-pt","11":"pa_iconos-45-exterior-interior-pt-pt","12":"pa_iconos-base-agua-pt-pt","13":"pa_iconos-producto-al-agua-pt-pt","15":"first","16":"instock","17":"shipping-taxable","18":"product-type-simple"},"acf":[],"_links":{"self":[{"href":"https:\/\/jafep.com\/pt-pt\/wp-json\/wp\/v2\/product\/12815","targetHints":{"allow":["GET"]}}],"collection":[{"href":"https:\/\/jafep.com\/pt-pt\/wp-json\/wp\/v2\/product"}],"about":[{"href":"https:\/\/jafep.com\/pt-pt\/wp-json\/wp\/v2\/types\/product"}],"replies":[{"embeddable":true,"href":"https:\/\/jafep.com\/pt-pt\/wp-json\/wp\/v2\/comments?post=12815"}],"wp:featuredmedia":[{"embeddable":true,"href":"https:\/\/jafep.com\/pt-pt\/wp-json\/wp\/v2\/media\/83683"}],"wp:attachment":[{"href":"https:\/\/jafep.com\/pt-pt\/wp-json\/wp\/v2\/media?parent=12815"}],"wp:term":[{"taxonomy":"product_brand","embeddable":true,"href":"https:\/\/jafep.com\/pt-pt\/wp-json\/wp\/v2\/product_brand?post=12815"},{"taxonomy":"product_cat","embeddable":true,"href":"https:\/\/jafep.com\/pt-pt\/wp-json\/wp\/v2\/product_cat?post=12815"},{"taxonomy":"product_tag","embeddable":true,"href":"https:\/\/jafep.com\/pt-pt\/wp-json\/wp\/v2\/product_tag?post=12815"}],"curies":[{"name":"wp","href":"https:\/\/api.w.org\/{rel}","templated":true}]}}