{"id":12768,"date":"2016-12-15T10:01:25","date_gmt":"2023-05-23T14:39:49","guid":{"rendered":"https:\/\/jafep.com\/?post_type=product&#038;p=12768"},"modified":"2023-06-21T08:44:25","modified_gmt":"2023-06-21T08:44:25","slug":"sellacryl-para-siliconizado-fundo-para-acabamentos-em-silicone","status":"publish","type":"product","link":"https:\/\/jafep.com\/pt-pt\/producto\/sellacryl-para-siliconizado-fundo-para-acabamentos-em-silicone\/","title":{"rendered":"Sellacryl para Siliconizado Fundo para acabamentos em silicone"},"content":{"rendered":"<p>\u00c9 um prim\u00e1rio muito penetrante, muito adequado para a prepara\u00e7\u00e3o de superf\u00edcies porosas, que por um lado consolida os suportes deteriorados, aumenta a sua impermeabiliza\u00e7\u00e3o e ao mesmo tempo permite a transpira\u00e7\u00e3o do vapor de \u00e1gua. \u00c9, portanto, altamente recomendado para a prepara\u00e7\u00e3o de fachadas a serem pintadas com revestimentos siliconizados.<\/p>\n<p>Melhora a ader\u00eancia dos revestimentos e reduz significativamente as varia\u00e7\u00f5es no aspeto dos acabamentos, evitando as diferen\u00e7as de absor\u00e7\u00e3o. <\/p>\n","protected":false},"excerpt":{"rendered":"<p>\u00c9 um prim\u00e1rio muito penetrante, muito adequado para a prepara\u00e7\u00e3o de superf\u00edcies porosas, que por um lado consolida os suportes deteriorados, aumenta a sua impermeabiliza\u00e7\u00e3o e ao mesmo tempo permite a transpira\u00e7\u00e3o do vapor de \u00e1gua. \u00c9, portanto, altamente recomendado para a prepara\u00e7\u00e3o de fachadas a serem pintadas com revestimentos siliconizados. Melhora a ader\u00eancia dos&#8230;<\/p>\n","protected":false},"featured_media":0,"comment_status":"closed","ping_status":"closed","template":"","meta":{"_acf_changed":false,"_links_to":"","_links_to_target":""},"product_brand":[],"product_cat":[537,1244,1472],"product_tag":[],"class_list":{"0":"post-12768","1":"product","2":"type-product","3":"status-publish","5":"product_cat-complementos-pt-pt-2","6":"product_cat-preparaciones-y-fondos-pt-pt","7":"product_cat-primario","8":"pa_formatos-4l-pt-pt","9":"pa_herramientas-airless-pt-pt","10":"pa_herramientas-brocha-pt-pt","11":"pa_herramientas-pistola-pt-pt","12":"pa_herramientas-rodillo-pt-pt","13":"pa_iconos-45-exterior-interior-pt-pt","14":"pa_iconos-base-agua-pt-pt","15":"pa_iconos-rendimiento-4-6-m2-l-pt-pt","17":"first","18":"instock","19":"shipping-taxable","20":"product-type-simple"},"acf":[],"_links":{"self":[{"href":"https:\/\/jafep.com\/pt-pt\/wp-json\/wp\/v2\/product\/12768","targetHints":{"allow":["GET"]}}],"collection":[{"href":"https:\/\/jafep.com\/pt-pt\/wp-json\/wp\/v2\/product"}],"about":[{"href":"https:\/\/jafep.com\/pt-pt\/wp-json\/wp\/v2\/types\/product"}],"replies":[{"embeddable":true,"href":"https:\/\/jafep.com\/pt-pt\/wp-json\/wp\/v2\/comments?post=12768"}],"wp:attachment":[{"href":"https:\/\/jafep.com\/pt-pt\/wp-json\/wp\/v2\/media?parent=12768"}],"wp:term":[{"taxonomy":"product_brand","embeddable":true,"href":"https:\/\/jafep.com\/pt-pt\/wp-json\/wp\/v2\/product_brand?post=12768"},{"taxonomy":"product_cat","embeddable":true,"href":"https:\/\/jafep.com\/pt-pt\/wp-json\/wp\/v2\/product_cat?post=12768"},{"taxonomy":"product_tag","embeddable":true,"href":"https:\/\/jafep.com\/pt-pt\/wp-json\/wp\/v2\/product_tag?post=12768"}],"curies":[{"name":"wp","href":"https:\/\/api.w.org\/{rel}","templated":true}]}}