{"id":12761,"date":"2019-09-09T13:56:34","date_gmt":"2019-09-09T13:56:34","guid":{"rendered":"https:\/\/jafep.com\/?post_type=product&#038;p=12761"},"modified":"2023-06-21T08:49:49","modified_gmt":"2023-06-21T08:49:49","slug":"tinta-epoxi-aquosa-2c","status":"publish","type":"product","link":"https:\/\/jafep.com\/pt-pt\/producto\/tinta-epoxi-aquosa-2c\/","title":{"rendered":"Tinta Ep\u00f3xi Aquosa 2C"},"content":{"rendered":"<p>Tinta ep\u00f3xi de dois componentes aquosa curada com aduto de amina para pintura de pavimentos. Combina boa resist\u00eancia qu\u00edmica, propriedades mec\u00e2nicas e elevada dureza. Formulado para ser aplicado numa dem\u00e3o espessa, mesmo em superf\u00edcies ligeiramente h\u00famidas, a espessura de aplica\u00e7\u00e3o recomendada \u00e9 entre 120 &#8211; 150 microns h\u00famidos. <\/p>\n","protected":false},"excerpt":{"rendered":"<p>Tinta ep\u00f3xi de dois componentes aquosa curada com aduto de amina para pintura de pavimentos. Combina boa resist\u00eancia qu\u00edmica, propriedades mec\u00e2nicas e elevada dureza. Formulado para ser aplicado numa dem\u00e3o espessa, mesmo em superf\u00edcies ligeiramente h\u00famidas, a espessura de aplica\u00e7\u00e3o recomendada \u00e9 entre 120 &#8211; 150 microns h\u00famidos.<\/p>\n","protected":false},"featured_media":82956,"comment_status":"closed","ping_status":"closed","template":"","meta":{"_acf_changed":false,"_links_to":"","_links_to_target":""},"product_brand":[],"product_cat":[552,1247,1560,1406,1412,1398],"product_tag":[],"class_list":{"0":"post-12761","1":"product","2":"type-product","3":"status-publish","4":"has-post-thumbnail","6":"product_cat-sistema-tintometrico-multicolor","7":"product_cat-interiores-pt-pt","8":"product_cat-pavimentos","9":"product_cat-pisos-pavimentos-e-sinaletica","10":"product_cat-pisos-pavimentos-e-sinaletica-pt-pt","11":"product_cat-sistemas-tintometricos-pt-pt-2","12":"pa_herramientas-airless-pt-pt","13":"pa_herramientas-brocha-pt-pt","14":"pa_herramientas-pistola-pt-pt","15":"pa_herramientas-rodillo-pt-pt","16":"pa_iconos-41-brocha-rodillo-pistola-pt-pt","17":"pa_iconos-46-interior-pt-pt","18":"pa_iconos-basep-pt-pt","19":"pa_iconos-a-b-pt-pt","20":"pa_iconos-base-agua-pt-pt","21":"pa_iconos-rendimiento-6-5-m2-l-pt-pt","22":"pa_iconos-semibrillante-pt-pt","23":"pa_iconos-uso-prof-titulado-pt-pt","25":"first","26":"instock","27":"shipping-taxable","28":"product-type-simple"},"acf":[],"_links":{"self":[{"href":"https:\/\/jafep.com\/pt-pt\/wp-json\/wp\/v2\/product\/12761","targetHints":{"allow":["GET"]}}],"collection":[{"href":"https:\/\/jafep.com\/pt-pt\/wp-json\/wp\/v2\/product"}],"about":[{"href":"https:\/\/jafep.com\/pt-pt\/wp-json\/wp\/v2\/types\/product"}],"replies":[{"embeddable":true,"href":"https:\/\/jafep.com\/pt-pt\/wp-json\/wp\/v2\/comments?post=12761"}],"wp:featuredmedia":[{"embeddable":true,"href":"https:\/\/jafep.com\/pt-pt\/wp-json\/wp\/v2\/media\/82956"}],"wp:attachment":[{"href":"https:\/\/jafep.com\/pt-pt\/wp-json\/wp\/v2\/media?parent=12761"}],"wp:term":[{"taxonomy":"product_brand","embeddable":true,"href":"https:\/\/jafep.com\/pt-pt\/wp-json\/wp\/v2\/product_brand?post=12761"},{"taxonomy":"product_cat","embeddable":true,"href":"https:\/\/jafep.com\/pt-pt\/wp-json\/wp\/v2\/product_cat?post=12761"},{"taxonomy":"product_tag","embeddable":true,"href":"https:\/\/jafep.com\/pt-pt\/wp-json\/wp\/v2\/product_tag?post=12761"}],"curies":[{"name":"wp","href":"https:\/\/api.w.org\/{rel}","templated":true}]}}