{"id":12754,"date":"2019-12-10T10:43:33","date_gmt":"2023-05-23T14:11:27","guid":{"rendered":"https:\/\/jafep.com\/?post_type=product&#038;p=12754"},"modified":"2023-06-21T08:43:09","modified_gmt":"2023-06-21T08:43:09","slug":"primario-epoxi-2c-agua-concentrada-multi-aderente-e-multi-acabamento","status":"publish","type":"product","link":"https:\/\/jafep.com\/pt-pt\/producto\/primario-epoxi-2c-agua-concentrada-multi-aderente-e-multi-acabamento\/","title":{"rendered":"Prim\u00e1rio Ep\u00f3xi 2C \u00c1gua Concentrada Multi-aderente e Multi-acabamento"},"content":{"rendered":"<p>Prim\u00e1rio ep\u00f3xi transparente de dois componentes formulado com resinas ep\u00f3xi de base aquosa. Pode ser aplicado sobre uma grande variedade de substratos e atua como ponte com uma vasta gama de acabamentos, sendo especialmente recomendado como dem\u00e3o de ancoragem e refor\u00e7o para superf\u00edcies de bet\u00e3o. Produto utilizado para a prote\u00e7\u00e3o de pavimentos de cimento e bet\u00e3o quando \u00e9 necess\u00e1rio um acabamento transparente como dem\u00e3o de prim\u00e1rio e acabamento. Adequado para \u00e1reas industriais e decorativas com boa resist\u00eancia mec\u00e2nica. <\/p>\n","protected":false},"excerpt":{"rendered":"<p>Prim\u00e1rio ep\u00f3xi transparente de dois componentes formulado com resinas ep\u00f3xi de base aquosa. Pode ser aplicado sobre uma grande variedade de substratos e atua como ponte com uma vasta gama de acabamentos, sendo especialmente recomendado como dem\u00e3o de ancoragem e refor\u00e7o para superf\u00edcies de bet\u00e3o. Produto utilizado para a prote\u00e7\u00e3o de pavimentos de cimento e&#8230;<\/p>\n","protected":false},"featured_media":83171,"comment_status":"closed","ping_status":"closed","template":"","meta":{"_acf_changed":false,"_links_to":"","_links_to_target":""},"product_brand":[],"product_cat":[1406,1409],"product_tag":[],"class_list":{"0":"post-12754","1":"product","2":"type-product","3":"status-publish","4":"has-post-thumbnail","6":"product_cat-pisos-pavimentos-e-sinaletica","7":"product_cat-primarios-pt-pt-2","8":"pa_formatos-15l-pt-pt","9":"pa_formatos-4l-pt-pt","10":"pa_herramientas-airless-pt-pt","11":"pa_herramientas-brocha-pt-pt","12":"pa_herramientas-pistola-pt-pt","13":"pa_herramientas-rodillo-pt-pt","14":"pa_iconos-33-rendimiento-8-10-m2l-pt-pt","15":"pa_iconos-41-brocha-rodillo-pistola-pt-pt","16":"pa_iconos-46-interior-pt-pt","17":"pa_iconos-a-b-pt-pt","18":"pa_iconos-base-agua-pt-pt","19":"pa_iconos-rendimiento-10-12-m2kg-pt-pt","20":"pa_iconos-semibrillante-pt-pt","22":"first","23":"instock","24":"shipping-taxable","25":"product-type-simple"},"acf":[],"_links":{"self":[{"href":"https:\/\/jafep.com\/pt-pt\/wp-json\/wp\/v2\/product\/12754","targetHints":{"allow":["GET"]}}],"collection":[{"href":"https:\/\/jafep.com\/pt-pt\/wp-json\/wp\/v2\/product"}],"about":[{"href":"https:\/\/jafep.com\/pt-pt\/wp-json\/wp\/v2\/types\/product"}],"replies":[{"embeddable":true,"href":"https:\/\/jafep.com\/pt-pt\/wp-json\/wp\/v2\/comments?post=12754"}],"wp:featuredmedia":[{"embeddable":true,"href":"https:\/\/jafep.com\/pt-pt\/wp-json\/wp\/v2\/media\/83171"}],"wp:attachment":[{"href":"https:\/\/jafep.com\/pt-pt\/wp-json\/wp\/v2\/media?parent=12754"}],"wp:term":[{"taxonomy":"product_brand","embeddable":true,"href":"https:\/\/jafep.com\/pt-pt\/wp-json\/wp\/v2\/product_brand?post=12754"},{"taxonomy":"product_cat","embeddable":true,"href":"https:\/\/jafep.com\/pt-pt\/wp-json\/wp\/v2\/product_cat?post=12754"},{"taxonomy":"product_tag","embeddable":true,"href":"https:\/\/jafep.com\/pt-pt\/wp-json\/wp\/v2\/product_tag?post=12754"}],"curies":[{"name":"wp","href":"https:\/\/api.w.org\/{rel}","templated":true}]}}