{"id":12633,"date":"2016-05-06T10:44:23","date_gmt":"2023-05-02T11:38:04","guid":{"rendered":"https:\/\/jafep.com\/?post_type=product&#038;p=12633"},"modified":"2023-05-17T08:34:11","modified_gmt":"2023-05-17T08:34:11","slug":"lasur-sintetico","status":"publish","type":"product","link":"https:\/\/jafep.com\/pt-pt\/producto\/lasur-sintetico\/","title":{"rendered":"Lasur Sint\u00e9tico"},"content":{"rendered":"<p>Lasur para aplica\u00e7\u00f5es interiores e exteriores, mas especialmente desenvolvido para sistemas de prote\u00e7\u00e3o e decora\u00e7\u00e3o de madeiras exteriores. \u00c9 muito flex\u00edvel e perme\u00e1vel ao vapor de \u00e1gua, o que permite que a madeira respire. \u00c9 aditivado com filtros solares de \u00faltima gera\u00e7\u00e3o e a sua composi\u00e7\u00e3o inclui conservantes espec\u00edficos que a protegem dos agentes biol\u00f3gicos e da a\u00e7\u00e3o dos raios solares UV. <\/p>\n","protected":false},"excerpt":{"rendered":"<p>Protetor de poro aberto. <\/p>\n","protected":false},"featured_media":82816,"comment_status":"closed","ping_status":"closed","template":"","meta":{"_acf_changed":false,"_links_to":"","_links_to_target":""},"product_brand":[],"product_cat":[552,1524,1065,1368,849,784,1520,711,850,1398],"product_tag":[],"class_list":{"0":"post-12633","1":"product","2":"type-product","3":"status-publish","4":"has-post-thumbnail","6":"product_cat-sistema-tintometrico-multicolor","7":"product_cat-envernizar","8":"product_cat-exteriores-pt-pt","9":"product_cat-lasur-pt-pt","10":"product_cat-madera-pt-pt","11":"product_cat-mobiliario-de-jardin-pt-pt","12":"product_cat-mudar-o-tom-cor","13":"product_cat-productos-para-la-madera-pt-pt-2","14":"product_cat-proteger-pt-pt","15":"product_cat-sistemas-tintometricos-pt-pt-2","16":"pa_formatos-4l-pt-pt","17":"pa_formatos-750ml-pt-pt","18":"pa_herramientas-airless-pt-pt","19":"pa_herramientas-brocha-pt-pt","20":"pa_herramientas-pistola-pt-pt","21":"pa_herramientas-rodillo-pt-pt","22":"pa_iconos-2-base-solvente-pt-pt","23":"pa_iconos-33-rendimiento-8-10-m2l-pt-pt","24":"pa_iconos-45-exterior-interior-pt-pt","25":"pa_iconos-satinado-pt-pt","27":"first","28":"instock","29":"shipping-taxable","30":"product-type-simple"},"acf":[],"_links":{"self":[{"href":"https:\/\/jafep.com\/pt-pt\/wp-json\/wp\/v2\/product\/12633","targetHints":{"allow":["GET"]}}],"collection":[{"href":"https:\/\/jafep.com\/pt-pt\/wp-json\/wp\/v2\/product"}],"about":[{"href":"https:\/\/jafep.com\/pt-pt\/wp-json\/wp\/v2\/types\/product"}],"replies":[{"embeddable":true,"href":"https:\/\/jafep.com\/pt-pt\/wp-json\/wp\/v2\/comments?post=12633"}],"wp:featuredmedia":[{"embeddable":true,"href":"https:\/\/jafep.com\/pt-pt\/wp-json\/wp\/v2\/media\/82816"}],"wp:attachment":[{"href":"https:\/\/jafep.com\/pt-pt\/wp-json\/wp\/v2\/media?parent=12633"}],"wp:term":[{"taxonomy":"product_brand","embeddable":true,"href":"https:\/\/jafep.com\/pt-pt\/wp-json\/wp\/v2\/product_brand?post=12633"},{"taxonomy":"product_cat","embeddable":true,"href":"https:\/\/jafep.com\/pt-pt\/wp-json\/wp\/v2\/product_cat?post=12633"},{"taxonomy":"product_tag","embeddable":true,"href":"https:\/\/jafep.com\/pt-pt\/wp-json\/wp\/v2\/product_tag?post=12633"}],"curies":[{"name":"wp","href":"https:\/\/api.w.org\/{rel}","templated":true}]}}