{"id":12578,"date":"2023-05-02T08:12:50","date_gmt":"2023-05-02T08:12:50","guid":{"rendered":"https:\/\/jafep.com\/?post_type=product&#038;p=12578"},"modified":"2023-05-04T09:56:26","modified_gmt":"2023-05-04T09:56:26","slug":"novo-microcimento-de-regulacao-pronto-a-usar-2","status":"publish","type":"product","link":"https:\/\/jafep.com\/pt-pt\/producto\/novo-microcimento-de-regulacao-pronto-a-usar-2\/","title":{"rendered":"Novo Microcimento de Regula\u00e7\u00e3o pronto a usar"},"content":{"rendered":"<p>Novo Microcimento de Regula\u00e7\u00e3o \u00e9 um revestimento decorativo formulado com resinas acr\u00edlicas, agregados e minerais de granulometria selecionada, assim como aditivos resistentes aos raios UV. Gra\u00e7as \u00e0 sua cuidadosa formula\u00e7\u00e3o, pode ser utilizado em grandes superf\u00edcies sem o aparecimento de fissuras. Preparado e pronto a usar.<\/p>\n<p>Pode ser utilizado tanto no interior como no exterior, para regularizar os suportes e prepar\u00e1-los para a posterior aplica\u00e7\u00e3o do Novo Microcimento pronto a usar. Em superf\u00edcies ou pavimentos irregulares, azulejos. <\/p>\n","protected":false},"excerpt":{"rendered":"<p>Novo Microcimento de Regula\u00e7\u00e3o. <\/p>\n","protected":false},"featured_media":83752,"comment_status":"closed","ping_status":"closed","template":"","meta":{"_acf_changed":false,"_links_to":"","_links_to_target":""},"product_brand":[],"product_cat":[430,1295],"product_tag":[],"class_list":{"0":"post-12578","1":"product","2":"type-product","3":"status-publish","4":"has-post-thumbnail","6":"product_cat-acabado","7":"product_cat-alta-decoracao-pt-pt","8":"pa_iconos-46-interior-pt-pt","9":"pa_iconos-51-mate-60o-pt-pt","10":"pa_iconos-base-agua-pt-pt","12":"first","13":"instock","14":"shipping-taxable","15":"product-type-simple"},"acf":[],"_links":{"self":[{"href":"https:\/\/jafep.com\/pt-pt\/wp-json\/wp\/v2\/product\/12578","targetHints":{"allow":["GET"]}}],"collection":[{"href":"https:\/\/jafep.com\/pt-pt\/wp-json\/wp\/v2\/product"}],"about":[{"href":"https:\/\/jafep.com\/pt-pt\/wp-json\/wp\/v2\/types\/product"}],"replies":[{"embeddable":true,"href":"https:\/\/jafep.com\/pt-pt\/wp-json\/wp\/v2\/comments?post=12578"}],"wp:featuredmedia":[{"embeddable":true,"href":"https:\/\/jafep.com\/pt-pt\/wp-json\/wp\/v2\/media\/83752"}],"wp:attachment":[{"href":"https:\/\/jafep.com\/pt-pt\/wp-json\/wp\/v2\/media?parent=12578"}],"wp:term":[{"taxonomy":"product_brand","embeddable":true,"href":"https:\/\/jafep.com\/pt-pt\/wp-json\/wp\/v2\/product_brand?post=12578"},{"taxonomy":"product_cat","embeddable":true,"href":"https:\/\/jafep.com\/pt-pt\/wp-json\/wp\/v2\/product_cat?post=12578"},{"taxonomy":"product_tag","embeddable":true,"href":"https:\/\/jafep.com\/pt-pt\/wp-json\/wp\/v2\/product_tag?post=12578"}],"curies":[{"name":"wp","href":"https:\/\/api.w.org\/{rel}","templated":true}]}}