{"id":12530,"date":"2020-06-09T15:42:34","date_gmt":"2023-04-27T10:21:26","guid":{"rendered":"https:\/\/jafep.com\/?post_type=product&#038;p=12530"},"modified":"2023-05-03T10:21:58","modified_gmt":"2023-05-03T10:21:58","slug":"12530","status":"publish","type":"product","link":"https:\/\/jafep.com\/pt-pt\/producto\/12530\/","title":{"rendered":"Jafep Anti-caruncho"},"content":{"rendered":"<p>Prepara\u00e7\u00e3o incolor, \u00e0 base de \u00e1gua, para utiliza\u00e7\u00e3o com sistemas de pintura \u00e0 base de solventes ou de \u00e1gua, que atua em profundidade e previne a infesta\u00e7\u00e3o de caruncho. N\u00e3o seca a madeira e n\u00e3o deixa pel\u00edcula. <\/p>\n","protected":false},"excerpt":{"rendered":"<p>Jafep Anti-caruncho <\/p>\n","protected":false},"featured_media":82966,"comment_status":"closed","ping_status":"closed","template":"","meta":{"_acf_changed":false,"_links_to":"","_links_to_target":""},"product_brand":[],"product_cat":[849,1371,711,850],"product_tag":[],"class_list":{"0":"post-12530","1":"product","2":"type-product","3":"status-publish","4":"has-post-thumbnail","6":"product_cat-madera-pt-pt","7":"product_cat-preparacao-de-madeira","8":"product_cat-productos-para-la-madera-pt-pt-2","9":"product_cat-proteger-pt-pt","10":"pa_formatos-2-5l-pt-pt","11":"pa_herramientas-brocha-pt-pt","12":"pa_herramientas-rodillo-pt-pt","13":"pa_iconos-40-brocha-rodillo-pt-pt","14":"pa_iconos-45-exterior-interior-pt-pt","15":"pa_iconos-51-mate-60o-pt-pt","16":"pa_iconos-mate-pt-pt","17":"pa_iconos-producto-al-agua-pt-pt","18":"pa_iconos-rendimiento-8-12-m2l-pt-pt","19":"pa_iconos-uso-prof-pt-pt","21":"first","22":"instock","23":"shipping-taxable","24":"product-type-simple"},"acf":[],"_links":{"self":[{"href":"https:\/\/jafep.com\/pt-pt\/wp-json\/wp\/v2\/product\/12530","targetHints":{"allow":["GET"]}}],"collection":[{"href":"https:\/\/jafep.com\/pt-pt\/wp-json\/wp\/v2\/product"}],"about":[{"href":"https:\/\/jafep.com\/pt-pt\/wp-json\/wp\/v2\/types\/product"}],"replies":[{"embeddable":true,"href":"https:\/\/jafep.com\/pt-pt\/wp-json\/wp\/v2\/comments?post=12530"}],"wp:featuredmedia":[{"embeddable":true,"href":"https:\/\/jafep.com\/pt-pt\/wp-json\/wp\/v2\/media\/82966"}],"wp:attachment":[{"href":"https:\/\/jafep.com\/pt-pt\/wp-json\/wp\/v2\/media?parent=12530"}],"wp:term":[{"taxonomy":"product_brand","embeddable":true,"href":"https:\/\/jafep.com\/pt-pt\/wp-json\/wp\/v2\/product_brand?post=12530"},{"taxonomy":"product_cat","embeddable":true,"href":"https:\/\/jafep.com\/pt-pt\/wp-json\/wp\/v2\/product_cat?post=12530"},{"taxonomy":"product_tag","embeddable":true,"href":"https:\/\/jafep.com\/pt-pt\/wp-json\/wp\/v2\/product_tag?post=12530"}],"curies":[{"name":"wp","href":"https:\/\/api.w.org\/{rel}","templated":true}]}}