{"id":12521,"date":"2020-05-27T14:21:32","date_gmt":"2020-05-27T14:21:32","guid":{"rendered":"https:\/\/jafep.com\/?post_type=product&#038;p=12521"},"modified":"2023-05-04T09:53:55","modified_gmt":"2023-05-04T09:53:55","slug":"novo-microcimento-de-regulacao-pronto-a-usar","status":"publish","type":"product","link":"https:\/\/jafep.com\/pt-pt\/producto\/novo-microcimento-de-regulacao-pronto-a-usar\/","title":{"rendered":"Novo Microcimento Pronto a usar"},"content":{"rendered":"<p>O novo Microcimento pronto a usar \u00e9 um revestimento decorativo formulado com resinas acr\u00edlicas, agregados e minerais de granulometria selecionada, bem como aditivos resistentes aos raios UV. Gra\u00e7as \u00e0 sua cuidadosa formula\u00e7\u00e3o, pode ser utilizado em grandes superf\u00edcies sem o aparecimento de fissuras. Preparado e pronto a usar.<\/p>\n<p>Pode ser utilizado tanto em interiores como em exteriores. Para regularizar os suportes, utilizar o Novo Microcimento de Regula\u00e7\u00e3o pronto a usar pronto a usar e depois aplicar o Novo Microcimento pronto a usar. Em superf\u00edcies ou pavimentos irregulares, azulejos e ladrilhos.<\/p>\n<p>Com o Novo Microcimento Pronto a Usar obt\u00e9m-se um acabamento de microcimento muito est\u00e9tico, com uma dureza e resist\u00eancia \u00e0 abras\u00e3o superiores \u00e0s do microcimento fino tradicional. Devido \u00e0 sua facilidade de aplica\u00e7\u00e3o, n\u00e3o requer grande experi\u00eancia nem m\u00e1quinas, ferramentas ou recipientes de mistura, pois trata-se de um \u00fanico produto num \u00fanico recipiente. <\/p>\n","protected":false},"excerpt":{"rendered":"<p>Novo Microcimento pronto a usar <\/p>\n","protected":false},"featured_media":83800,"comment_status":"closed","ping_status":"closed","template":"","meta":{"_acf_changed":false,"_links_to":"","_links_to_target":""},"product_brand":[],"product_cat":[430,1295],"product_tag":[],"class_list":{"0":"post-12521","1":"product","2":"type-product","3":"status-publish","4":"has-post-thumbnail","6":"product_cat-acabado","7":"product_cat-alta-decoracao-pt-pt","8":"pa_iconos-46-interior-pt-pt","9":"pa_iconos-51-mate-60o-pt-pt","10":"pa_iconos-base-agua-pt-pt","11":"pa_iconos-brillante-satinado-mate-pt-pt","12":"pa_iconos-cartacolores","13":"pa_iconos-listo-al-uso-pt-pt","14":"pa_iconos-multicolor-pt-pt","16":"first","17":"instock","18":"shipping-taxable","19":"product-type-simple"},"acf":[],"_links":{"self":[{"href":"https:\/\/jafep.com\/pt-pt\/wp-json\/wp\/v2\/product\/12521","targetHints":{"allow":["GET"]}}],"collection":[{"href":"https:\/\/jafep.com\/pt-pt\/wp-json\/wp\/v2\/product"}],"about":[{"href":"https:\/\/jafep.com\/pt-pt\/wp-json\/wp\/v2\/types\/product"}],"replies":[{"embeddable":true,"href":"https:\/\/jafep.com\/pt-pt\/wp-json\/wp\/v2\/comments?post=12521"}],"wp:featuredmedia":[{"embeddable":true,"href":"https:\/\/jafep.com\/pt-pt\/wp-json\/wp\/v2\/media\/83800"}],"wp:attachment":[{"href":"https:\/\/jafep.com\/pt-pt\/wp-json\/wp\/v2\/media?parent=12521"}],"wp:term":[{"taxonomy":"product_brand","embeddable":true,"href":"https:\/\/jafep.com\/pt-pt\/wp-json\/wp\/v2\/product_brand?post=12521"},{"taxonomy":"product_cat","embeddable":true,"href":"https:\/\/jafep.com\/pt-pt\/wp-json\/wp\/v2\/product_cat?post=12521"},{"taxonomy":"product_tag","embeddable":true,"href":"https:\/\/jafep.com\/pt-pt\/wp-json\/wp\/v2\/product_tag?post=12521"}],"curies":[{"name":"wp","href":"https:\/\/api.w.org\/{rel}","templated":true}]}}