{"id":12450,"date":"2022-03-09T12:20:43","date_gmt":"2023-04-21T12:05:39","guid":{"rendered":"https:\/\/jafep.com\/?post_type=product&#038;p=12450"},"modified":"2023-05-04T09:31:41","modified_gmt":"2023-05-04T09:31:41","slug":"oleo-para-teca-em-agua","status":"publish","type":"product","link":"https:\/\/jafep.com\/pt-pt\/producto\/oleo-para-teca-em-agua\/","title":{"rendered":"\u00d3leo para Teca em \u00c1gua"},"content":{"rendered":"<p>\u00d3leo especialmente desenvolvido para nutri\u00e7\u00e3o e prote\u00e7\u00e3o de madeiras tropicais, permitindo sua elasticidade e permeabilidade ao vapor d&#8217;\u00e1gua. Cont\u00e9m filtros UV e impermeabilizantes para maior durabilidade. Desenvolvido \u00e0 base de \u00e1gua para maior facilidade de aplica\u00e7\u00e3o, mas com excelentes resultados no cuidado com a madeira. <\/p>\n","protected":false},"excerpt":{"rendered":"<p>\u00d3leo especialmente desenvolvido para nutri\u00e7\u00e3o e prote\u00e7\u00e3o de madeiras tropicais, permitindo sua elasticidade e permeabilidade ao vapor d&#8217;\u00e1gua. Cont\u00e9m filtros UV e impermeabilizantes para maior durabilidade. Desenvolvido \u00e0 base de \u00e1gua para maior facilidade de aplica\u00e7\u00e3o, mas com excelentes resultados no cuidado com a madeira.<\/p>\n","protected":false},"featured_media":83011,"comment_status":"closed","ping_status":"closed","template":"","meta":{"_acf_changed":false,"_links_to":"","_links_to_target":""},"product_brand":[],"product_cat":[1065,1247,849,711,1377],"product_tag":[],"class_list":{"0":"post-12450","1":"product","2":"type-product","3":"status-publish","4":"has-post-thumbnail","6":"product_cat-exteriores-pt-pt","7":"product_cat-interiores-pt-pt","8":"product_cat-madera-pt-pt","9":"product_cat-productos-para-la-madera-pt-pt-2","10":"product_cat-tratamentos-para-madeira","11":"pa_formatos-4l-pt-pt","12":"pa_formatos-750ml-pt-pt","13":"pa_herramientas-airless-pt-pt","14":"pa_herramientas-brocha-pt-pt","15":"pa_herramientas-pistola-pt-pt","16":"pa_iconos-45-exterior-interior-pt-pt","17":"pa_iconos-rendimiento-12-14-m2-l","19":"first","20":"instock","21":"shipping-taxable","22":"product-type-simple"},"acf":[],"_links":{"self":[{"href":"https:\/\/jafep.com\/pt-pt\/wp-json\/wp\/v2\/product\/12450","targetHints":{"allow":["GET"]}}],"collection":[{"href":"https:\/\/jafep.com\/pt-pt\/wp-json\/wp\/v2\/product"}],"about":[{"href":"https:\/\/jafep.com\/pt-pt\/wp-json\/wp\/v2\/types\/product"}],"replies":[{"embeddable":true,"href":"https:\/\/jafep.com\/pt-pt\/wp-json\/wp\/v2\/comments?post=12450"}],"wp:featuredmedia":[{"embeddable":true,"href":"https:\/\/jafep.com\/pt-pt\/wp-json\/wp\/v2\/media\/83011"}],"wp:attachment":[{"href":"https:\/\/jafep.com\/pt-pt\/wp-json\/wp\/v2\/media?parent=12450"}],"wp:term":[{"taxonomy":"product_brand","embeddable":true,"href":"https:\/\/jafep.com\/pt-pt\/wp-json\/wp\/v2\/product_brand?post=12450"},{"taxonomy":"product_cat","embeddable":true,"href":"https:\/\/jafep.com\/pt-pt\/wp-json\/wp\/v2\/product_cat?post=12450"},{"taxonomy":"product_tag","embeddable":true,"href":"https:\/\/jafep.com\/pt-pt\/wp-json\/wp\/v2\/product_tag?post=12450"}],"curies":[{"name":"wp","href":"https:\/\/api.w.org\/{rel}","templated":true}]}}