{"id":12407,"date":"2016-08-16T14:05:06","date_gmt":"2023-04-20T09:36:42","guid":{"rendered":"https:\/\/jafep.com\/?post_type=product&#038;p=12407"},"modified":"2023-04-20T09:36:42","modified_gmt":"2023-04-20T09:36:42","slug":"beyem-adheterm","status":"publish","type":"product","link":"https:\/\/jafep.com\/pt-pt\/producto\/beyem-adheterm\/","title":{"rendered":"Beyem Adheterm"},"content":{"rendered":"<p>BEYEM ADHETERM \u00e9 uma argamassa polim\u00e9rica de retra\u00e7\u00e3o compensada modificada para a colagem e fixa\u00e7\u00e3o de placas isolantes de poliestireno expandido, poliestireno extrudido e l\u00e3 mineral, para sistemas de isolamento t\u00e9rmico exterior (SATE\/ETIC). BEYEM ADHETERM \u00e9 formulado \u00e0 base de cimento de alta resist\u00eancia, agregados selecionados, aditivos org\u00e2nicos e resinas sint\u00e9ticas que melhoram a trabalhabilidade, reten\u00e7\u00e3o de \u00e1gua, tempo aberto e ader\u00eancia da argamassa. Refor\u00e7ado com fibra. <\/p>\n","protected":false},"excerpt":{"rendered":"<p>BEYEM ADHETERM \u00e9 uma argamassa polim\u00e9rica de retra\u00e7\u00e3o compensada modificada para a colagem e fixa\u00e7\u00e3o de placas isolantes de poliestireno expandido, poliestireno extrudido e l\u00e3 mineral, para sistemas de isolamento t\u00e9rmico exterior (SATE\/ETIC). BEYEM ADHETERM \u00e9 formulado \u00e0 base de cimento de alta resist\u00eancia, agregados selecionados, aditivos org\u00e2nicos e resinas sint\u00e9ticas que melhoram a trabalhabilidade,&#8230;<\/p>\n","protected":false},"featured_media":86200,"comment_status":"closed","ping_status":"closed","template":"","meta":{"_acf_changed":false,"_links_to":"","_links_to_target":""},"product_brand":[],"product_cat":[1068,1065,1064,1063],"product_tag":[],"class_list":{"0":"post-12407","1":"product","2":"type-product","3":"status-publish","4":"has-post-thumbnail","6":"product_cat-sate-pt-pt","7":"product_cat-exteriores-pt-pt","8":"product_cat-aislar-termicamente-pt-pt","9":"product_cat-sistema-de-aislamiento-termico-por-el-exterior-sate-pt-pt","10":"pa_herramientas-llana-pt","12":"first","13":"instock","14":"shipping-taxable","15":"product-type-simple"},"acf":[],"_links":{"self":[{"href":"https:\/\/jafep.com\/pt-pt\/wp-json\/wp\/v2\/product\/12407","targetHints":{"allow":["GET"]}}],"collection":[{"href":"https:\/\/jafep.com\/pt-pt\/wp-json\/wp\/v2\/product"}],"about":[{"href":"https:\/\/jafep.com\/pt-pt\/wp-json\/wp\/v2\/types\/product"}],"replies":[{"embeddable":true,"href":"https:\/\/jafep.com\/pt-pt\/wp-json\/wp\/v2\/comments?post=12407"}],"wp:featuredmedia":[{"embeddable":true,"href":"https:\/\/jafep.com\/pt-pt\/wp-json\/wp\/v2\/media\/86200"}],"wp:attachment":[{"href":"https:\/\/jafep.com\/pt-pt\/wp-json\/wp\/v2\/media?parent=12407"}],"wp:term":[{"taxonomy":"product_brand","embeddable":true,"href":"https:\/\/jafep.com\/pt-pt\/wp-json\/wp\/v2\/product_brand?post=12407"},{"taxonomy":"product_cat","embeddable":true,"href":"https:\/\/jafep.com\/pt-pt\/wp-json\/wp\/v2\/product_cat?post=12407"},{"taxonomy":"product_tag","embeddable":true,"href":"https:\/\/jafep.com\/pt-pt\/wp-json\/wp\/v2\/product_tag?post=12407"}],"curies":[{"name":"wp","href":"https:\/\/api.w.org\/{rel}","templated":true}]}}