{"id":12398,"date":"2017-10-06T08:34:25","date_gmt":"2017-10-06T08:34:25","guid":{"rendered":"https:\/\/jafep.com\/producto\/petrex-5-mortero-polisiloxano\/"},"modified":"2023-04-25T09:32:42","modified_gmt":"2023-04-25T09:32:42","slug":"petrex-5-mortero-polisiloxano","status":"publish","type":"product","link":"https:\/\/jafep.com\/pt-pt\/producto\/petrex-5-mortero-polisiloxano\/","title":{"rendered":"P\u00e9trex 5 Argamassa com Polissiloxano"},"content":{"rendered":"<p>\u00c9 um revestimento p\u00e9treo tipo argamassa de pelicula grossa, especialmente para fachadas, formulado com resina de silicone modificada e polissiloxano que confere propriedades hidrorrepelentes, melhorando a sua impermeabilidade \u00e0 \u00e1gua l\u00edquida e a sua respirabilidade. \u00c9 um produto de grande solidez \u00e0 luz, que proporciona acabamentos resistentes, el\u00e1sticos, imperme\u00e1veis,\u00a0com elevado poder de cobertura e enchimento. <\/p>\n","protected":false},"excerpt":{"rendered":"<p>Argamassa acr\u00edlica de polissiloxano <\/p>\n","protected":false},"featured_media":83766,"comment_status":"closed","ping_status":"closed","template":"","meta":{"_acf_changed":false,"_links_to":"","_links_to_target":""},"product_brand":[],"product_cat":[1068,1065,1064,1066,1067,1390,1380],"product_tag":[],"class_list":{"0":"post-12398","1":"product","2":"type-product","3":"status-publish","4":"has-post-thumbnail","6":"product_cat-sate-pt-pt","7":"product_cat-exteriores-pt-pt","8":"product_cat-aislar-termicamente-pt-pt","9":"product_cat-fachadas-pt-pt","10":"product_cat-reparar-fachadas-pt-pt","11":"product_cat-revestimentos-acrilicos","12":"product_cat-tintas-para-fachadas","13":"pa_formatos-25kg","14":"pa_herramientas-airless-pt-pt","15":"pa_herramientas-llana-pt","16":"pa_herramientas-pistola-pt-pt","17":"pa_iconos-1-m2-l-pt-pt","18":"pa_iconos-base-agua-pt-pt","19":"pa_iconos-ce-etag-004-pt-pt","20":"pa_iconos-conservante-antimoho-sitema-atmh-pt-pt","21":"pa_iconos-exterior-pt-pt","22":"pa_iconos-fratasado-mate-pt-pt","23":"pa_iconos-rendimiento-0-7-0-8-m2-l-pt-pt","25":"first","26":"instock","27":"shipping-taxable","28":"product-type-simple"},"acf":[],"_links":{"self":[{"href":"https:\/\/jafep.com\/pt-pt\/wp-json\/wp\/v2\/product\/12398","targetHints":{"allow":["GET"]}}],"collection":[{"href":"https:\/\/jafep.com\/pt-pt\/wp-json\/wp\/v2\/product"}],"about":[{"href":"https:\/\/jafep.com\/pt-pt\/wp-json\/wp\/v2\/types\/product"}],"replies":[{"embeddable":true,"href":"https:\/\/jafep.com\/pt-pt\/wp-json\/wp\/v2\/comments?post=12398"}],"wp:featuredmedia":[{"embeddable":true,"href":"https:\/\/jafep.com\/pt-pt\/wp-json\/wp\/v2\/media\/83766"}],"wp:attachment":[{"href":"https:\/\/jafep.com\/pt-pt\/wp-json\/wp\/v2\/media?parent=12398"}],"wp:term":[{"taxonomy":"product_brand","embeddable":true,"href":"https:\/\/jafep.com\/pt-pt\/wp-json\/wp\/v2\/product_brand?post=12398"},{"taxonomy":"product_cat","embeddable":true,"href":"https:\/\/jafep.com\/pt-pt\/wp-json\/wp\/v2\/product_cat?post=12398"},{"taxonomy":"product_tag","embeddable":true,"href":"https:\/\/jafep.com\/pt-pt\/wp-json\/wp\/v2\/product_tag?post=12398"}],"curies":[{"name":"wp","href":"https:\/\/api.w.org\/{rel}","templated":true}]}}