{"id":12387,"date":"2014-06-12T09:44:13","date_gmt":"2023-04-19T15:35:13","guid":{"rendered":"https:\/\/jafep.com\/?post_type=product&#038;p=12387"},"modified":"2023-04-25T09:06:37","modified_gmt":"2023-04-25T09:06:37","slug":"petrex-5-argamassa-acrilica-grossa","status":"publish","type":"product","link":"https:\/\/jafep.com\/pt-pt\/producto\/petrex-5-argamassa-acrilica-grossa\/","title":{"rendered":"P\u00e9trex 5 Argamassa Acr\u00edlica Grossa"},"content":{"rendered":"<p>P\u00e9trex 5 Revestimento Acr\u00edlico \u00e9 um revestimento p\u00e9treo tipo textura de dem\u00e3o grossa especial para fachadas, baseado numa combina\u00e7\u00e3o de resinas acr\u00edlicas e pigmentos de alta resist\u00eancia e solidez \u00e0 luz, que proporciona acabamentos resistentes, el\u00e1sticos, imperme\u00e1veis e de alto poder de cobri\u00e7\u00e3o e enchimento.<\/p>\n<p>Incorpora na sua f\u00f3rmula um agregado de granulometria selecionada para facilitar a sua aplica\u00e7\u00e3o, depositando sempre a espessura exata requerida.<\/p>\n<p>Apresentamos dois acabamentos:<\/p>\n<p>&#8211; Grosso (com agregados de at\u00e9 2 mm)<\/p>\n<p>&#8211; Fino (com agregados de at\u00e9 1 mm)<\/p>\n<p><a style=\"background-color: transparent;font-size: 12px\" href=\"http:\/\/www.pinturasjafep.com\/petrex5\/dossier_petrex5.pdf\">Consulte aqui Dossier T\u00e9cnico da fam\u00edlia P\u00e9trex 5<\/a> <\/p>\n","protected":false},"excerpt":{"rendered":"<p>Argamassa de pasta acr\u00edlica <\/p>\n","protected":false},"featured_media":83766,"comment_status":"closed","ping_status":"closed","template":"","meta":{"_acf_changed":false,"_links_to":"","_links_to_target":""},"product_brand":[],"product_cat":[1068,1065,1064,1067,1390,1380],"product_tag":[],"class_list":{"0":"post-12387","1":"product","2":"type-product","3":"status-publish","4":"has-post-thumbnail","6":"product_cat-sate-pt-pt","7":"product_cat-exteriores-pt-pt","8":"product_cat-aislar-termicamente-pt-pt","9":"product_cat-reparar-fachadas-pt-pt","10":"product_cat-revestimentos-acrilicos","11":"product_cat-tintas-para-fachadas","12":"pa_formatos-25kg","13":"pa_herramientas-airless-pt-pt","14":"pa_herramientas-pistola-pt-pt","15":"pa_iconos-1-m2-l-pt-pt","16":"pa_iconos-base-agua-pt-pt","17":"pa_iconos-cartacolores","18":"pa_iconos-ce-etag-004-pt-pt","19":"pa_iconos-conservante-antimoho-sitema-atmh-pt-pt","20":"pa_iconos-exterior-pt-pt","21":"pa_iconos-fratasado-mate-pt-pt","23":"first","24":"instock","25":"shipping-taxable","26":"product-type-simple"},"acf":[],"_links":{"self":[{"href":"https:\/\/jafep.com\/pt-pt\/wp-json\/wp\/v2\/product\/12387","targetHints":{"allow":["GET"]}}],"collection":[{"href":"https:\/\/jafep.com\/pt-pt\/wp-json\/wp\/v2\/product"}],"about":[{"href":"https:\/\/jafep.com\/pt-pt\/wp-json\/wp\/v2\/types\/product"}],"replies":[{"embeddable":true,"href":"https:\/\/jafep.com\/pt-pt\/wp-json\/wp\/v2\/comments?post=12387"}],"wp:featuredmedia":[{"embeddable":true,"href":"https:\/\/jafep.com\/pt-pt\/wp-json\/wp\/v2\/media\/83766"}],"wp:attachment":[{"href":"https:\/\/jafep.com\/pt-pt\/wp-json\/wp\/v2\/media?parent=12387"}],"wp:term":[{"taxonomy":"product_brand","embeddable":true,"href":"https:\/\/jafep.com\/pt-pt\/wp-json\/wp\/v2\/product_brand?post=12387"},{"taxonomy":"product_cat","embeddable":true,"href":"https:\/\/jafep.com\/pt-pt\/wp-json\/wp\/v2\/product_cat?post=12387"},{"taxonomy":"product_tag","embeddable":true,"href":"https:\/\/jafep.com\/pt-pt\/wp-json\/wp\/v2\/product_tag?post=12387"}],"curies":[{"name":"wp","href":"https:\/\/api.w.org\/{rel}","templated":true}]}}