{"id":12364,"date":"2022-03-10T13:00:44","date_gmt":"2022-03-10T13:00:44","guid":{"rendered":"https:\/\/jafep.com\/?post_type=product&#038;p=12364"},"modified":"2023-05-02T07:06:09","modified_gmt":"2023-05-02T07:06:09","slug":"telacril-terracos-poliuretano","status":"publish","type":"product","link":"https:\/\/jafep.com\/pt-pt\/producto\/telacril-terracos-poliuretano\/","title":{"rendered":"Telacril Terra\u00e7os Poliuretano"},"content":{"rendered":"<p>Membrana de poliuretano de alta qualidade, elastom\u00e9rico e cont\u00ednuo para impermeabiliza\u00e7\u00e3o onde \u00e9 necess\u00e1rio um \u00f3timo desempenho. Caminh\u00e1vel a n\u00edvel pedonal. M\u00e1xima elasticidade, mesmo a temperaturas extremas. Tamb\u00e9m pode ser utilizada para proteger espumas de poliuretano. <\/p>\n","protected":false},"excerpt":{"rendered":"<p>Impermeabilizante elastom\u00e9rico de poliuretano <\/p>\n","protected":false},"featured_media":83016,"comment_status":"closed","ping_status":"closed","template":"","meta":{"_acf_changed":false,"_links_to":"","_links_to_target":""},"product_brand":[],"product_cat":[1065,1586,1313,1316],"product_tag":[],"class_list":{"0":"post-12364","1":"product","2":"type-product","3":"status-publish","4":"has-post-thumbnail","6":"product_cat-exteriores-pt-pt","7":"product_cat-impermeabilizacao","8":"product_cat-linha-anti-humidade","9":"product_cat-telacril-pt-pt","10":"pa_formatos-15l-pt-pt","11":"pa_formatos-4l-pt-pt","12":"pa_herramientas-airless-pt-pt","13":"pa_herramientas-brocha-pt-pt","14":"pa_herramientas-pistola-pt-pt","15":"pa_herramientas-rodillo-pt-pt","16":"pa_iconos-1-m2-l-pt-pt","17":"pa_iconos-41-brocha-rodillo-pistola-pt-pt","18":"pa_iconos-60-lavabilidad-nivel-1-pt-pt","19":"pa_iconos-base-agua-pt-pt","20":"pa_iconos-conservante-antimoho-sitema-atmh-pt-pt","21":"pa_iconos-elongacion-pt-pt","22":"pa_iconos-exterior-pt-pt","23":"pa_iconos-satinado-pt-pt","25":"first","26":"instock","27":"shipping-taxable","28":"product-type-simple"},"acf":[],"_links":{"self":[{"href":"https:\/\/jafep.com\/pt-pt\/wp-json\/wp\/v2\/product\/12364","targetHints":{"allow":["GET"]}}],"collection":[{"href":"https:\/\/jafep.com\/pt-pt\/wp-json\/wp\/v2\/product"}],"about":[{"href":"https:\/\/jafep.com\/pt-pt\/wp-json\/wp\/v2\/types\/product"}],"replies":[{"embeddable":true,"href":"https:\/\/jafep.com\/pt-pt\/wp-json\/wp\/v2\/comments?post=12364"}],"wp:featuredmedia":[{"embeddable":true,"href":"https:\/\/jafep.com\/pt-pt\/wp-json\/wp\/v2\/media\/83016"}],"wp:attachment":[{"href":"https:\/\/jafep.com\/pt-pt\/wp-json\/wp\/v2\/media?parent=12364"}],"wp:term":[{"taxonomy":"product_brand","embeddable":true,"href":"https:\/\/jafep.com\/pt-pt\/wp-json\/wp\/v2\/product_brand?post=12364"},{"taxonomy":"product_cat","embeddable":true,"href":"https:\/\/jafep.com\/pt-pt\/wp-json\/wp\/v2\/product_cat?post=12364"},{"taxonomy":"product_tag","embeddable":true,"href":"https:\/\/jafep.com\/pt-pt\/wp-json\/wp\/v2\/product_tag?post=12364"}],"curies":[{"name":"wp","href":"https:\/\/api.w.org\/{rel}","templated":true}]}}