{"id":12323,"date":"2019-01-02T10:09:29","date_gmt":"2019-01-02T10:09:29","guid":{"rendered":"https:\/\/jafep.com\/?post_type=product&#038;p=12323"},"modified":"2023-04-25T09:22:07","modified_gmt":"2023-04-25T09:22:07","slug":"petrex-5-argamassa-acrilica-tx-15","status":"publish","type":"product","link":"https:\/\/jafep.com\/pt-pt\/producto\/petrex-5-argamassa-acrilica-tx-15\/","title":{"rendered":"P\u00e9trex 5 Argamassa Acr\u00edlica TX 1,5"},"content":{"rendered":"<p>\u00c9 um revestimento p\u00e9treo tipo argamassa de pel\u00edcula grossa, especialmente para fachadas, baseado numa combina\u00e7\u00e3o de resinas acr\u00edlicas e pigmentos de alta resist\u00eancia e solidez \u00e0 luz, que proporciona acabamentos resistentes, el\u00e1sticos e imperme\u00e1veis com alto poder de cobertura e enchimento. Incorpora na sua formula\u00e7\u00e3o um gr\u00e3o homog\u00e9neo de 1,5 mm e \u00e9 muito f\u00e1cil de aplicar, o que oculta as juntas. <\/p>\n","protected":false},"excerpt":{"rendered":"<p class=\"MsoNormal\">Argamassa acr\u00edlica<\/p>\n","protected":false},"featured_media":82926,"comment_status":"closed","ping_status":"closed","template":"","meta":{"_acf_changed":false,"_links_to":"","_links_to_target":""},"product_brand":[],"product_cat":[1068,1065,1064,1067,1390,1380],"product_tag":[],"class_list":{"0":"post-12323","1":"product","2":"type-product","3":"status-publish","4":"has-post-thumbnail","6":"product_cat-sate-pt-pt","7":"product_cat-exteriores-pt-pt","8":"product_cat-aislar-termicamente-pt-pt","9":"product_cat-reparar-fachadas-pt-pt","10":"product_cat-revestimentos-acrilicos","11":"product_cat-tintas-para-fachadas","12":"pa_formatos-25kg","13":"pa_herramientas-airless-pt-pt","14":"pa_herramientas-pistola-pt-pt","15":"pa_iconos-1-m2-l-pt-pt","16":"pa_iconos-base-agua-pt-pt","17":"pa_iconos-cartacolores","18":"pa_iconos-ce-etag-004-pt-pt","19":"pa_iconos-conservante-antimoho-sitema-atmh-pt-pt","20":"pa_iconos-exterior-pt-pt","21":"pa_iconos-fratasado-mate-pt-pt","23":"first","24":"instock","25":"shipping-taxable","26":"product-type-simple"},"acf":[],"_links":{"self":[{"href":"https:\/\/jafep.com\/pt-pt\/wp-json\/wp\/v2\/product\/12323","targetHints":{"allow":["GET"]}}],"collection":[{"href":"https:\/\/jafep.com\/pt-pt\/wp-json\/wp\/v2\/product"}],"about":[{"href":"https:\/\/jafep.com\/pt-pt\/wp-json\/wp\/v2\/types\/product"}],"replies":[{"embeddable":true,"href":"https:\/\/jafep.com\/pt-pt\/wp-json\/wp\/v2\/comments?post=12323"}],"wp:featuredmedia":[{"embeddable":true,"href":"https:\/\/jafep.com\/pt-pt\/wp-json\/wp\/v2\/media\/82926"}],"wp:attachment":[{"href":"https:\/\/jafep.com\/pt-pt\/wp-json\/wp\/v2\/media?parent=12323"}],"wp:term":[{"taxonomy":"product_brand","embeddable":true,"href":"https:\/\/jafep.com\/pt-pt\/wp-json\/wp\/v2\/product_brand?post=12323"},{"taxonomy":"product_cat","embeddable":true,"href":"https:\/\/jafep.com\/pt-pt\/wp-json\/wp\/v2\/product_cat?post=12323"},{"taxonomy":"product_tag","embeddable":true,"href":"https:\/\/jafep.com\/pt-pt\/wp-json\/wp\/v2\/product_tag?post=12323"}],"curies":[{"name":"wp","href":"https:\/\/api.w.org\/{rel}","templated":true}]}}