{"id":12315,"date":"2019-04-11T14:51:22","date_gmt":"2023-04-17T09:47:47","guid":{"rendered":"https:\/\/jafep.com\/?post_type=product&#038;p=12315"},"modified":"2023-04-25T09:41:39","modified_gmt":"2023-04-25T09:41:39","slug":"petrex-5-base-para-argamassa","status":"publish","type":"product","link":"https:\/\/jafep.com\/pt-pt\/producto\/petrex-5-base-para-argamassa\/","title":{"rendered":"P\u00e9trex 5 Base para Argamassa"},"content":{"rendered":"<p>Impregna\u00e7\u00e3o penetrante em acr\u00edlico de part\u00edculas muito finas. Concebido principalmente como prim\u00e1rio para melhorar a ader\u00eancia e aplicabilidade antes da aplica\u00e7\u00e3o da argamassa de acabamento, gra\u00e7as aos seus m\u00e1rmores finamente mo\u00eddos. Ajuda a melhorar a cobertura e a impermeabiliza\u00e7\u00e3o. <\/p>\n","protected":false},"excerpt":{"rendered":"<p>Impregna\u00e7\u00e3o penetrante em acr\u00edlico de part\u00edculas muito finas. Concebido principalmente como prim\u00e1rio para melhorar a ader\u00eancia e aplicabilidade antes da aplica\u00e7\u00e3o da argamassa de acabamento, gra\u00e7as aos seus m\u00e1rmores finamente mo\u00eddos. Ajuda a melhorar a cobertura e a impermeabiliza\u00e7\u00e3o.<\/p>\n","protected":false},"featured_media":82926,"comment_status":"closed","ping_status":"closed","template":"","meta":{"_acf_changed":false,"_links_to":"","_links_to_target":""},"product_brand":[],"product_cat":[1390,1380],"product_tag":[],"class_list":{"0":"post-12315","1":"product","2":"type-product","3":"status-publish","4":"has-post-thumbnail","6":"product_cat-revestimentos-acrilicos","7":"product_cat-tintas-para-fachadas","8":"pa_formatos-20kg-pt-pt","9":"pa_herramientas-airless-pt-pt","10":"pa_herramientas-brocha-pt-pt","11":"pa_herramientas-pistola-pt-pt","12":"pa_herramientas-rodillo-pt-pt","13":"pa_iconos-base-agua-pt-pt","14":"pa_iconos-exterior-pt-pt","15":"pa_iconos-mate-texturado-pt-pt","16":"pa_iconos-rendimiento-5-8-m2-l-pt-pt","18":"first","19":"instock","20":"shipping-taxable","21":"product-type-simple"},"acf":[],"_links":{"self":[{"href":"https:\/\/jafep.com\/pt-pt\/wp-json\/wp\/v2\/product\/12315","targetHints":{"allow":["GET"]}}],"collection":[{"href":"https:\/\/jafep.com\/pt-pt\/wp-json\/wp\/v2\/product"}],"about":[{"href":"https:\/\/jafep.com\/pt-pt\/wp-json\/wp\/v2\/types\/product"}],"replies":[{"embeddable":true,"href":"https:\/\/jafep.com\/pt-pt\/wp-json\/wp\/v2\/comments?post=12315"}],"wp:featuredmedia":[{"embeddable":true,"href":"https:\/\/jafep.com\/pt-pt\/wp-json\/wp\/v2\/media\/82926"}],"wp:attachment":[{"href":"https:\/\/jafep.com\/pt-pt\/wp-json\/wp\/v2\/media?parent=12315"}],"wp:term":[{"taxonomy":"product_brand","embeddable":true,"href":"https:\/\/jafep.com\/pt-pt\/wp-json\/wp\/v2\/product_brand?post=12315"},{"taxonomy":"product_cat","embeddable":true,"href":"https:\/\/jafep.com\/pt-pt\/wp-json\/wp\/v2\/product_cat?post=12315"},{"taxonomy":"product_tag","embeddable":true,"href":"https:\/\/jafep.com\/pt-pt\/wp-json\/wp\/v2\/product_tag?post=12315"}],"curies":[{"name":"wp","href":"https:\/\/api.w.org\/{rel}","templated":true}]}}