{"id":12308,"date":"2018-02-08T12:34:29","date_gmt":"2018-02-08T12:34:29","guid":{"rendered":"https:\/\/jafep.com\/?post_type=product&#038;p=12308"},"modified":"2023-04-26T11:49:33","modified_gmt":"2023-04-26T11:49:33","slug":"anti-fugas-membrana-continua-de-poliuretano","status":"publish","type":"product","link":"https:\/\/jafep.com\/pt-pt\/producto\/anti-fugas-membrana-continua-de-poliuretano\/","title":{"rendered":"Anti-fugas Membrana Cont\u00ednua de Poliuretano Elastom\u00e9rica"},"content":{"rendered":"<p>Membrana elastom\u00e9rica h\u00edbrida de poliuretano\/acr\u00edlico, 100% imperme\u00e1vel, aquosa, que mant\u00e9m as suas propriedades inalter\u00e1veis mesmo a temperaturas extremas e permite o tr\u00e1fego sobre ela em ambientes dom\u00e9sticos. <\/p>\n","protected":false},"excerpt":{"rendered":"<p>Membrana elastom\u00e9rica cont\u00ednua de poliuretano de alta resist\u00eancia, longevidade e ader\u00eancia. <\/p>\n","protected":false},"featured_media":82871,"comment_status":"closed","ping_status":"closed","template":"","meta":{"_acf_changed":false,"_links_to":"","_links_to_target":""},"product_brand":[],"product_cat":[1516,1586,1313,1558,469],"product_tag":[],"class_list":{"0":"post-12308","1":"product","2":"type-product","3":"status-publish","4":"has-post-thumbnail","6":"product_cat-humidade","7":"product_cat-impermeabilizacao","8":"product_cat-linha-anti-humidade","9":"product_cat-pintar-terracos","10":"product_cat-preparacoes-de-agua","11":"pa_formatos-15l-pt-pt","12":"pa_formatos-4l-pt-pt","13":"pa_herramientas-airless-pt-pt","14":"pa_herramientas-brocha-pt-pt","15":"pa_herramientas-pistola-pt-pt","16":"pa_herramientas-rodillo-pt-pt","17":"pa_iconos-60-lavabilidad-nivel-1-pt-pt","18":"pa_iconos-base-agua-pt-pt","19":"pa_iconos-conservante-antimoho-sitema-atmh-pt-pt","20":"pa_iconos-elongacion-pt-pt","21":"pa_iconos-exterior-pt-pt","22":"pa_iconos-rendimiento-0-7-0-8-m2-l-pt-pt","23":"pa_iconos-satinado-pt-pt","25":"first","26":"instock","27":"shipping-taxable","28":"product-type-simple"},"acf":[],"_links":{"self":[{"href":"https:\/\/jafep.com\/pt-pt\/wp-json\/wp\/v2\/product\/12308","targetHints":{"allow":["GET"]}}],"collection":[{"href":"https:\/\/jafep.com\/pt-pt\/wp-json\/wp\/v2\/product"}],"about":[{"href":"https:\/\/jafep.com\/pt-pt\/wp-json\/wp\/v2\/types\/product"}],"replies":[{"embeddable":true,"href":"https:\/\/jafep.com\/pt-pt\/wp-json\/wp\/v2\/comments?post=12308"}],"wp:featuredmedia":[{"embeddable":true,"href":"https:\/\/jafep.com\/pt-pt\/wp-json\/wp\/v2\/media\/82871"}],"wp:attachment":[{"href":"https:\/\/jafep.com\/pt-pt\/wp-json\/wp\/v2\/media?parent=12308"}],"wp:term":[{"taxonomy":"product_brand","embeddable":true,"href":"https:\/\/jafep.com\/pt-pt\/wp-json\/wp\/v2\/product_brand?post=12308"},{"taxonomy":"product_cat","embeddable":true,"href":"https:\/\/jafep.com\/pt-pt\/wp-json\/wp\/v2\/product_cat?post=12308"},{"taxonomy":"product_tag","embeddable":true,"href":"https:\/\/jafep.com\/pt-pt\/wp-json\/wp\/v2\/product_tag?post=12308"}],"curies":[{"name":"wp","href":"https:\/\/api.w.org\/{rel}","templated":true}]}}