{"id":12242,"date":"2021-07-08T12:58:12","date_gmt":"2021-07-08T12:58:12","guid":{"rendered":"https:\/\/jafep.com\/?post_type=product&#038;p=12242"},"modified":"2025-03-31T13:59:52","modified_gmt":"2025-03-31T13:59:52","slug":"revestimento-ceramico","status":"publish","type":"product","link":"https:\/\/jafep.com\/pt-pt\/producto\/revestimento-ceramico\/","title":{"rendered":"Revestimento Cer\u00e2mico"},"content":{"rendered":"<p>Impermeabilizante el\u00e1stico para fachadas \u00e0 base de microesferas cer\u00e2micas preenchidas com ar rarefeito num meio l\u00edquido de natureza estireno-acr\u00edlica modificada, com excelentes propriedades isolantes. Com conservante anti-mofo <\/p>\n","protected":false},"excerpt":{"rendered":"<p>Revestimento cer\u00e2mico <\/p>\n","protected":false},"featured_media":83650,"comment_status":"closed","ping_status":"closed","template":"","meta":{"_acf_changed":false,"_links_to":"","_links_to_target":""},"product_brand":[],"product_cat":[1313,469],"product_tag":[],"class_list":{"0":"post-12242","1":"product","2":"type-product","3":"status-publish","4":"has-post-thumbnail","6":"product_cat-linha-anti-humidade","7":"product_cat-preparacoes-de-agua","8":"pa_formatos-15l-pt-pt","9":"pa_herramientas-airless-pt-pt","10":"pa_herramientas-brocha-pt-pt","11":"pa_herramientas-pistola-pt-pt","12":"pa_herramientas-rodillo-pt-pt","13":"pa_iconos-conservante-antimoho-sitema-atmh-pt-pt","14":"pa_iconos-exterior-pt-pt","15":"pa_iconos-mate-pt-pt","16":"pa_iconos-nanotec-pt-pt","18":"first","19":"instock","20":"shipping-taxable","21":"product-type-simple"},"acf":[],"_links":{"self":[{"href":"https:\/\/jafep.com\/pt-pt\/wp-json\/wp\/v2\/product\/12242","targetHints":{"allow":["GET"]}}],"collection":[{"href":"https:\/\/jafep.com\/pt-pt\/wp-json\/wp\/v2\/product"}],"about":[{"href":"https:\/\/jafep.com\/pt-pt\/wp-json\/wp\/v2\/types\/product"}],"replies":[{"embeddable":true,"href":"https:\/\/jafep.com\/pt-pt\/wp-json\/wp\/v2\/comments?post=12242"}],"wp:featuredmedia":[{"embeddable":true,"href":"https:\/\/jafep.com\/pt-pt\/wp-json\/wp\/v2\/media\/83650"}],"wp:attachment":[{"href":"https:\/\/jafep.com\/pt-pt\/wp-json\/wp\/v2\/media?parent=12242"}],"wp:term":[{"taxonomy":"product_brand","embeddable":true,"href":"https:\/\/jafep.com\/pt-pt\/wp-json\/wp\/v2\/product_brand?post=12242"},{"taxonomy":"product_cat","embeddable":true,"href":"https:\/\/jafep.com\/pt-pt\/wp-json\/wp\/v2\/product_cat?post=12242"},{"taxonomy":"product_tag","embeddable":true,"href":"https:\/\/jafep.com\/pt-pt\/wp-json\/wp\/v2\/product_tag?post=12242"}],"curies":[{"name":"wp","href":"https:\/\/api.w.org\/{rel}","templated":true}]}}