{"id":12153,"date":"2023-03-14T12:04:04","date_gmt":"2023-03-14T12:04:04","guid":{"rendered":"https:\/\/jafep.com\/?post_type=product&#038;p=12153"},"modified":"2023-04-26T07:30:16","modified_gmt":"2023-04-26T07:30:16","slug":"tinta-para-piscinas-de-poliester","status":"publish","type":"product","link":"https:\/\/jafep.com\/pt-pt\/producto\/tinta-para-piscinas-de-poliester\/","title":{"rendered":"Tinta para Piscinas de Poli\u00e9ster"},"content":{"rendered":"<p>Tinta poliuret\u00e2nica de dois componentes de natureza alif\u00e1tica com excelente ancoragem em superf\u00edcies dif\u00edceis, oferecendo um acabamento de primeira qualidade e resist\u00eancia especialmente em piscinas de poli\u00e9ster. <\/p>\n","protected":false},"excerpt":{"rendered":"<p>Tinta poliuret\u00e2nica de dois componentes de natureza alif\u00e1tica com excelente ancoragem em superf\u00edcies dif\u00edceis, oferecendo um acabamento de primeira qualidade e resist\u00eancia especialmente em piscinas de poli\u00e9ster.<\/p>\n","protected":false},"featured_media":83056,"comment_status":"closed","ping_status":"closed","template":"","meta":{"_acf_changed":false,"_links_to":"","_links_to_target":""},"product_brand":[],"product_cat":[761],"product_tag":[],"class_list":{"0":"post-12153","1":"product","2":"type-product","3":"status-publish","4":"has-post-thumbnail","6":"product_cat-linea-deportiva-pt-pt-3","7":"pa_formatos-15kg-pt-pt","8":"pa_herramientas-airless-pt-pt","9":"pa_herramientas-brocha-pt-pt","10":"pa_herramientas-pistola-pt-pt","11":"pa_herramientas-rodillo-pt-pt","12":"pa_iconos-2-base-solvente-pt-pt","13":"pa_iconos-33-rendimiento-8-10-m2l-pt-pt","14":"pa_iconos-41-brocha-rodillo-pistola-pt-pt","15":"pa_iconos-45-exterior-interior-pt-pt","16":"pa_iconos-a-b-pt-pt","17":"pa_iconos-brillante-pt-pt","18":"pa_iconos-cartacolores","20":"first","21":"instock","22":"shipping-taxable","23":"product-type-simple"},"acf":[],"_links":{"self":[{"href":"https:\/\/jafep.com\/pt-pt\/wp-json\/wp\/v2\/product\/12153","targetHints":{"allow":["GET"]}}],"collection":[{"href":"https:\/\/jafep.com\/pt-pt\/wp-json\/wp\/v2\/product"}],"about":[{"href":"https:\/\/jafep.com\/pt-pt\/wp-json\/wp\/v2\/types\/product"}],"replies":[{"embeddable":true,"href":"https:\/\/jafep.com\/pt-pt\/wp-json\/wp\/v2\/comments?post=12153"}],"wp:featuredmedia":[{"embeddable":true,"href":"https:\/\/jafep.com\/pt-pt\/wp-json\/wp\/v2\/media\/83056"}],"wp:attachment":[{"href":"https:\/\/jafep.com\/pt-pt\/wp-json\/wp\/v2\/media?parent=12153"}],"wp:term":[{"taxonomy":"product_brand","embeddable":true,"href":"https:\/\/jafep.com\/pt-pt\/wp-json\/wp\/v2\/product_brand?post=12153"},{"taxonomy":"product_cat","embeddable":true,"href":"https:\/\/jafep.com\/pt-pt\/wp-json\/wp\/v2\/product_cat?post=12153"},{"taxonomy":"product_tag","embeddable":true,"href":"https:\/\/jafep.com\/pt-pt\/wp-json\/wp\/v2\/product_tag?post=12153"}],"curies":[{"name":"wp","href":"https:\/\/api.w.org\/{rel}","templated":true}]}}