{"id":12112,"date":"2018-11-20T09:20:57","date_gmt":"2023-04-12T07:19:44","guid":{"rendered":"https:\/\/jafep.com\/?post_type=product&#038;p=12112"},"modified":"2023-04-24T07:43:43","modified_gmt":"2023-04-24T07:43:43","slug":"tinta-anti-condensacao","status":"publish","type":"product","link":"https:\/\/jafep.com\/pt-pt\/producto\/tinta-anti-condensacao\/","title":{"rendered":"Tinta Anti-condensa\u00e7\u00e3o"},"content":{"rendered":"<p>Produto nanotecnol\u00f3gico com um acabamento mate e propriedades isolantes t\u00e9rmicas e ac\u00fasticas. Funciona principalmente atrav\u00e9s da quebra de pontes t\u00e9rmicas atrav\u00e9s das quais se perde calor ou frio, causando condensa\u00e7\u00e3o e biocontamina\u00e7\u00e3o, entre outros problemas. Produz uma barreira ac\u00fastica que amortece as ondas sonoras, dissipando-as, quer venham do interior ou do exterior. Tinta com conservante anti-mofo. <\/p>\n","protected":false},"excerpt":{"rendered":"<p>Anti-condensa\u00e7\u00e3o <\/p>\n","protected":false},"featured_media":82916,"comment_status":"closed","ping_status":"closed","template":"","meta":{"_acf_changed":false,"_links_to":"","_links_to_target":""},"product_brand":[],"product_cat":[1024,516],"product_tag":[],"class_list":{"0":"post-12112","1":"product","2":"type-product","3":"status-publish","4":"has-post-thumbnail","6":"product_cat-pinturas-plasticas-pt-pt","7":"product_cat-usos-especiais","8":"pa_formatos-15l-pt-pt","9":"pa_formatos-4l-pt-pt","10":"pa_herramientas-brocha-pt-pt","11":"pa_herramientas-pistola-pt-pt","12":"pa_herramientas-rodillo-pt-pt","13":"pa_iconos-41-brocha-rodillo-pistola-pt-pt","14":"pa_iconos-45-exterior-interior-pt-pt","15":"pa_iconos-base-agua-pt-pt","16":"pa_iconos-conservante-antimoho-sitema-atmh-pt-pt","17":"pa_iconos-mate-pt-pt","18":"pa_iconos-mate2-5-pt-pt","19":"pa_iconos-nanotec-pt-pt","20":"pa_iconos-rendimiento-2-4-m2-l-pt-pt","22":"first","23":"instock","24":"shipping-taxable","25":"product-type-simple"},"acf":[],"_links":{"self":[{"href":"https:\/\/jafep.com\/pt-pt\/wp-json\/wp\/v2\/product\/12112","targetHints":{"allow":["GET"]}}],"collection":[{"href":"https:\/\/jafep.com\/pt-pt\/wp-json\/wp\/v2\/product"}],"about":[{"href":"https:\/\/jafep.com\/pt-pt\/wp-json\/wp\/v2\/types\/product"}],"replies":[{"embeddable":true,"href":"https:\/\/jafep.com\/pt-pt\/wp-json\/wp\/v2\/comments?post=12112"}],"wp:featuredmedia":[{"embeddable":true,"href":"https:\/\/jafep.com\/pt-pt\/wp-json\/wp\/v2\/media\/82916"}],"wp:attachment":[{"href":"https:\/\/jafep.com\/pt-pt\/wp-json\/wp\/v2\/media?parent=12112"}],"wp:term":[{"taxonomy":"product_brand","embeddable":true,"href":"https:\/\/jafep.com\/pt-pt\/wp-json\/wp\/v2\/product_brand?post=12112"},{"taxonomy":"product_cat","embeddable":true,"href":"https:\/\/jafep.com\/pt-pt\/wp-json\/wp\/v2\/product_cat?post=12112"},{"taxonomy":"product_tag","embeddable":true,"href":"https:\/\/jafep.com\/pt-pt\/wp-json\/wp\/v2\/product_tag?post=12112"}],"curies":[{"name":"wp","href":"https:\/\/api.w.org\/{rel}","templated":true}]}}