{"id":12073,"date":"2018-09-21T13:30:30","date_gmt":"2018-09-21T13:30:30","guid":{"rendered":"https:\/\/jafep.com\/?post_type=product&#038;p=12073"},"modified":"2023-04-20T11:29:49","modified_gmt":"2023-04-20T11:29:49","slug":"essencial-supercobertura-com-conservante-anti-mofo","status":"publish","type":"product","link":"https:\/\/jafep.com\/pt-pt\/producto\/essencial-supercobertura-com-conservante-anti-mofo\/","title":{"rendered":"Esencial Supercubriente com Conservante Anti-fungos"},"content":{"rendered":"<p>Tinta aquosa mate \u00e0 base de resinas acr\u00edlicas em dispers\u00e3o aquosa e pigmentos de alta resist\u00eancia e solidez \u00e0 luz, utilizados por pintores profissionais em interiores e exteriores com um ambiente atmosf\u00e9rico pouco agressivo. Com conservante anti-fungos. <\/p>\n","protected":false},"excerpt":{"rendered":"<p>Tinta aquosa mate <\/p>\n","protected":false},"featured_media":83711,"comment_status":"closed","ping_status":"closed","template":"","meta":{"_acf_changed":false,"_links_to":"","_links_to_target":""},"product_brand":[],"product_cat":[1065,1247,1332,1024],"product_tag":[],"class_list":{"0":"post-12073","1":"product","2":"type-product","3":"status-publish","4":"has-post-thumbnail","6":"product_cat-exteriores-pt-pt","7":"product_cat-interiores-pt-pt","8":"product_cat-mate-esencial-pt-pt","9":"product_cat-pinturas-plasticas-pt-pt","10":"pa_formatos-15-l-pt-pt","11":"pa_formatos-4-l-pt-pt","12":"pa_formatos-750ml-pt-pt","13":"pa_herramientas-airless-pt-pt","14":"pa_herramientas-brocha-pt-pt","15":"pa_herramientas-pistola-pt-pt","16":"pa_herramientas-rodillo-pt-pt","17":"pa_iconos-45-exterior-interior-pt-pt","18":"pa_iconos-51-mate-60o-pt-pt","19":"pa_iconos-62-lavabilidad-nivel-3-pt-pt","20":"pa_iconos-base-agua-pt-pt","21":"pa_iconos-conservante-antimoho-sitema-atmh-pt-pt","22":"pa_iconos-desodorizada-e-perfumada","23":"pa_iconos-mate-pt-pt","24":"pa_iconos-mate4-pt-pt","25":"pa_iconos-b-s1d0-pt-pt","26":"pa_iconos-rendimiento-7-9-m2l-pt-pt","28":"first","29":"instock","30":"shipping-taxable","31":"product-type-simple"},"acf":[],"_links":{"self":[{"href":"https:\/\/jafep.com\/pt-pt\/wp-json\/wp\/v2\/product\/12073","targetHints":{"allow":["GET"]}}],"collection":[{"href":"https:\/\/jafep.com\/pt-pt\/wp-json\/wp\/v2\/product"}],"about":[{"href":"https:\/\/jafep.com\/pt-pt\/wp-json\/wp\/v2\/types\/product"}],"replies":[{"embeddable":true,"href":"https:\/\/jafep.com\/pt-pt\/wp-json\/wp\/v2\/comments?post=12073"}],"wp:featuredmedia":[{"embeddable":true,"href":"https:\/\/jafep.com\/pt-pt\/wp-json\/wp\/v2\/media\/83711"}],"wp:attachment":[{"href":"https:\/\/jafep.com\/pt-pt\/wp-json\/wp\/v2\/media?parent=12073"}],"wp:term":[{"taxonomy":"product_brand","embeddable":true,"href":"https:\/\/jafep.com\/pt-pt\/wp-json\/wp\/v2\/product_brand?post=12073"},{"taxonomy":"product_cat","embeddable":true,"href":"https:\/\/jafep.com\/pt-pt\/wp-json\/wp\/v2\/product_cat?post=12073"},{"taxonomy":"product_tag","embeddable":true,"href":"https:\/\/jafep.com\/pt-pt\/wp-json\/wp\/v2\/product_tag?post=12073"}],"curies":[{"name":"wp","href":"https:\/\/api.w.org\/{rel}","templated":true}]}}