{"id":12047,"date":"2022-05-19T13:07:39","date_gmt":"2022-05-19T13:07:39","guid":{"rendered":"https:\/\/jafep.com\/?post_type=product&#038;p=12047"},"modified":"2023-04-25T07:19:47","modified_gmt":"2023-04-25T07:19:47","slug":"siliconado-hr-con-conservante-antimoho","status":"publish","type":"product","link":"https:\/\/jafep.com\/pt-pt\/producto\/siliconado-hr-con-conservante-antimoho\/","title":{"rendered":"Siliconado HR com conservante Anti-fungos"},"content":{"rendered":"<p class=\"MsoNormal\">Revestimento acr\u00edlico liso para exteriores. Imperme\u00e1vel. Altamente resistente \u00e0s intemp\u00e9ries, ao salitre e \u00e0 abras\u00e3o. Aditivado com hidrofugante com polissiloxano que proporciona um efeito hidro-repelente e ao mesmo tempo facilita a permeabilidade ao vapor de \u00e1gua.<\/p>\n","protected":false},"excerpt":{"rendered":"<p>Revestimento acr\u00edlico de polissiloxano com conservante anti-fungos <\/p>\n","protected":false},"featured_media":83001,"comment_status":"closed","ping_status":"closed","template":"","meta":{"_acf_changed":false,"_links_to":"","_links_to_target":""},"product_brand":[],"product_cat":[1386,1380],"product_tag":[],"class_list":{"0":"post-12047","1":"product","2":"type-product","3":"status-publish","4":"has-post-thumbnail","6":"product_cat-tinta-fachadas-siliconizadas","7":"product_cat-tintas-para-fachadas","8":"pa_formatos-15-l-pt-pt","9":"pa_herramientas-airless-pt-pt","10":"pa_herramientas-brocha-pt-pt","11":"pa_herramientas-pistola-pt-pt","12":"pa_herramientas-rodillo-pt-pt","13":"pa_iconos-41-brocha-rodillo-pistola-pt-pt","14":"pa_iconos-51-mate-60o-pt-pt","15":"pa_iconos-61-lavabilidad-nivel-2-pt-pt","16":"pa_iconos-base-agua-pt-pt","17":"pa_iconos-cartacolores","18":"pa_iconos-ce-pt-pt","19":"pa_iconos-conservante-antimoho-sitema-atmh-pt-pt","20":"pa_iconos-exterior-pt-pt","21":"pa_iconos-mate-pt-pt","22":"pa_iconos-rendimiento-7-12-m2-l-pt-pt","24":"first","25":"instock","26":"shipping-taxable","27":"product-type-simple"},"acf":[],"_links":{"self":[{"href":"https:\/\/jafep.com\/pt-pt\/wp-json\/wp\/v2\/product\/12047","targetHints":{"allow":["GET"]}}],"collection":[{"href":"https:\/\/jafep.com\/pt-pt\/wp-json\/wp\/v2\/product"}],"about":[{"href":"https:\/\/jafep.com\/pt-pt\/wp-json\/wp\/v2\/types\/product"}],"replies":[{"embeddable":true,"href":"https:\/\/jafep.com\/pt-pt\/wp-json\/wp\/v2\/comments?post=12047"}],"wp:featuredmedia":[{"embeddable":true,"href":"https:\/\/jafep.com\/pt-pt\/wp-json\/wp\/v2\/media\/83001"}],"wp:attachment":[{"href":"https:\/\/jafep.com\/pt-pt\/wp-json\/wp\/v2\/media?parent=12047"}],"wp:term":[{"taxonomy":"product_brand","embeddable":true,"href":"https:\/\/jafep.com\/pt-pt\/wp-json\/wp\/v2\/product_brand?post=12047"},{"taxonomy":"product_cat","embeddable":true,"href":"https:\/\/jafep.com\/pt-pt\/wp-json\/wp\/v2\/product_cat?post=12047"},{"taxonomy":"product_tag","embeddable":true,"href":"https:\/\/jafep.com\/pt-pt\/wp-json\/wp\/v2\/product_tag?post=12047"}],"curies":[{"name":"wp","href":"https:\/\/api.w.org\/{rel}","templated":true}]}}