{"id":12039,"date":"2014-06-12T09:15:25","date_gmt":"2014-06-12T09:15:25","guid":{"rendered":"https:\/\/jafep.com\/?post_type=product&#038;p=12039"},"modified":"2023-04-25T07:30:34","modified_gmt":"2023-04-25T07:30:34","slug":"siliconado-puro-com-conservante-anti-fungos","status":"publish","type":"product","link":"https:\/\/jafep.com\/pt-pt\/producto\/siliconado-puro-com-conservante-anti-fungos\/","title":{"rendered":"Siliconado PURO com conservante Anti-fungos"},"content":{"rendered":"<p class=\"MsoNormal\"><span style=\"color: #333333;background: white\">Formulado com Polissiloxanos. Imperme\u00e1vel e com prote\u00e7\u00e3o anti-bolor. O polissiloxano tamb\u00e9m lhe confere um efeito hidro-repelente e ao mesmo tempo facilita a permeabilidade ao vapor de \u00e1gua, bem como qualidades de auto-limpeza. \u00a0\u00a0\u00a0<\/span><\/p>\n","protected":false},"excerpt":{"rendered":"<p class=\"MsoNormal\">Revestimento acr\u00edlico de polissiloxano com conservante anti-fungos<\/p>\n","protected":false},"featured_media":82216,"comment_status":"closed","ping_status":"closed","template":"","meta":{"_acf_changed":false,"_links_to":"","_links_to_target":""},"product_brand":[],"product_cat":[552,1398,1386,1380],"product_tag":[],"class_list":{"0":"post-12039","1":"product","2":"type-product","3":"status-publish","4":"has-post-thumbnail","6":"product_cat-sistema-tintometrico-multicolor","7":"product_cat-sistemas-tintometricos-pt-pt-2","8":"product_cat-tinta-fachadas-siliconizadas","9":"product_cat-tintas-para-fachadas","10":"pa_formatos-15l-pt-pt","11":"pa_formatos-4l-pt-pt","12":"pa_herramientas-airless-pt-pt","13":"pa_herramientas-brocha-pt-pt","14":"pa_herramientas-pistola-pt-pt","15":"pa_herramientas-rodillo-pt-pt","16":"pa_herramientas-rodillo-fachadas-lana-oveja-20mm-pt-pt","17":"pa_herramientas-rodillo-fachadas-poliamida-extra-larga-de-20mm-pt-pt","18":"pa_herramientas-rodillo-fachadas-poliamida-larga-de-19mm-pt-pt","19":"pa_iconos-34-rendimiento-de-10-12-m2l-pt-pt","20":"pa_iconos-51-mate-60o-pt-pt","21":"pa_iconos-61-lavabilidad-nivel-2-pt-pt","22":"pa_iconos-autolimpiable-pt-pt","23":"pa_iconos-base-agua-pt-pt","24":"pa_iconos-cartacolores","25":"pa_iconos-conservante-antimoho-sitema-atmh-pt-pt","26":"pa_iconos-exterior-pt-pt","27":"pa_iconos-mate-pt-pt","29":"first","30":"instock","31":"shipping-taxable","32":"product-type-simple"},"acf":[],"_links":{"self":[{"href":"https:\/\/jafep.com\/pt-pt\/wp-json\/wp\/v2\/product\/12039","targetHints":{"allow":["GET"]}}],"collection":[{"href":"https:\/\/jafep.com\/pt-pt\/wp-json\/wp\/v2\/product"}],"about":[{"href":"https:\/\/jafep.com\/pt-pt\/wp-json\/wp\/v2\/types\/product"}],"replies":[{"embeddable":true,"href":"https:\/\/jafep.com\/pt-pt\/wp-json\/wp\/v2\/comments?post=12039"}],"wp:featuredmedia":[{"embeddable":true,"href":"https:\/\/jafep.com\/pt-pt\/wp-json\/wp\/v2\/media\/82216"}],"wp:attachment":[{"href":"https:\/\/jafep.com\/pt-pt\/wp-json\/wp\/v2\/media?parent=12039"}],"wp:term":[{"taxonomy":"product_brand","embeddable":true,"href":"https:\/\/jafep.com\/pt-pt\/wp-json\/wp\/v2\/product_brand?post=12039"},{"taxonomy":"product_cat","embeddable":true,"href":"https:\/\/jafep.com\/pt-pt\/wp-json\/wp\/v2\/product_cat?post=12039"},{"taxonomy":"product_tag","embeddable":true,"href":"https:\/\/jafep.com\/pt-pt\/wp-json\/wp\/v2\/product_tag?post=12039"}],"curies":[{"name":"wp","href":"https:\/\/api.w.org\/{rel}","templated":true}]}}