{"id":12035,"date":"2023-04-04T14:05:02","date_gmt":"2023-04-04T14:05:02","guid":{"rendered":"https:\/\/jafep.com\/?post_type=product&#038;p=12035"},"modified":"2023-04-04T14:05:02","modified_gmt":"2023-04-04T14:05:02","slug":"siliconado-hr-com-conservante-anti-fungos","status":"publish","type":"product","link":"https:\/\/jafep.com\/pt-pt\/producto\/siliconado-hr-com-conservante-anti-fungos\/","title":{"rendered":"Siliconado HR com conservante Anti-fungos"},"content":{"rendered":"<p>Revestimento HR com ATMH: Revestimento acr\u00edlico liso para exteriores. Imperme\u00e1vel.\u00a0\u00a0Altamente resistente \u00e0s intemp\u00e9ries, ao salitre e \u00e0 abras\u00e3o. Aditivado com hidrofugante com polissiloxano que proporciona um efeito hidro-repelente e ao mesmo tempo facilita a permeabilidade ao vapor de \u00e1gua. <\/p>\n","protected":false},"excerpt":{"rendered":"<p>Revestimento acr\u00edlico de polissiloxano com conservante anti-fungos <\/p>\n","protected":false},"featured_media":0,"comment_status":"closed","ping_status":"closed","template":"","meta":{"_acf_changed":false,"_links_to":"","_links_to_target":""},"product_brand":[],"product_cat":[509],"product_tag":[],"class_list":{"0":"post-12035","1":"product","2":"type-product","3":"status-publish","5":"product_cat-petrex-5-pt-pt","6":"pa_formatos-15-l-pt-pt","7":"pa_herramientas-airless-pt-pt","8":"pa_herramientas-brocha-pt-pt","9":"pa_herramientas-pistola-pt-pt","10":"pa_herramientas-rodillo-pt-pt","11":"pa_iconos-41-brocha-rodillo-pistola-pt-pt","12":"pa_iconos-base-agua-pt-pt","14":"first","15":"instock","16":"shipping-taxable","17":"product-type-simple"},"acf":[],"_links":{"self":[{"href":"https:\/\/jafep.com\/pt-pt\/wp-json\/wp\/v2\/product\/12035","targetHints":{"allow":["GET"]}}],"collection":[{"href":"https:\/\/jafep.com\/pt-pt\/wp-json\/wp\/v2\/product"}],"about":[{"href":"https:\/\/jafep.com\/pt-pt\/wp-json\/wp\/v2\/types\/product"}],"replies":[{"embeddable":true,"href":"https:\/\/jafep.com\/pt-pt\/wp-json\/wp\/v2\/comments?post=12035"}],"wp:attachment":[{"href":"https:\/\/jafep.com\/pt-pt\/wp-json\/wp\/v2\/media?parent=12035"}],"wp:term":[{"taxonomy":"product_brand","embeddable":true,"href":"https:\/\/jafep.com\/pt-pt\/wp-json\/wp\/v2\/product_brand?post=12035"},{"taxonomy":"product_cat","embeddable":true,"href":"https:\/\/jafep.com\/pt-pt\/wp-json\/wp\/v2\/product_cat?post=12035"},{"taxonomy":"product_tag","embeddable":true,"href":"https:\/\/jafep.com\/pt-pt\/wp-json\/wp\/v2\/product_tag?post=12035"}],"curies":[{"name":"wp","href":"https:\/\/api.w.org\/{rel}","templated":true}]}}